{"id":1018,"date":"2020-11-09T19:41:51","date_gmt":"2020-11-09T18:41:51","guid":{"rendered":"http:\/\/viveleconservatoiredebrest.org\/?page_id=1018"},"modified":"2021-05-15T22:20:51","modified_gmt":"2021-05-15T20:20:51","slug":"ressources-cem","status":"publish","type":"page","link":"https:\/\/viveleconservatoiredebrest.org\/index.php\/ressources\/ressources-cem\/","title":{"rendered":"Ressources CEM"},"content":{"rendered":"","protected":true},"excerpt":{"rendered":"","protected":true},"author":1,"featured_media":0,"parent":522,"menu_order":0,"comment_status":"closed","ping_status":"closed","template":"","meta":{"footnotes":""},"class_list":["post-1018","page","type-page","status-publish","post-password-required","hentry"],"yoast_head":"<!-- This site is optimized with the Yoast SEO plugin v27.3 - https:\/\/yoast.com\/product\/yoast-seo-wordpress\/ -->\n<title>Ressources CEM &#8211; Vive le conservatoire de Brest !<\/title>\n<meta name=\"robots\" content=\"index, follow, max-snippet:-1, max-image-preview:large, max-video-preview:-1\" \/>\n<link rel=\"canonical\" href=\"https:\/\/viveleconservatoiredebrest.org\/index.php\/ressources\/ressources-cem\/\" \/>\n<meta property=\"og:locale\" content=\"fr_FR\" \/>\n<meta property=\"og:type\" content=\"article\" \/>\n<meta property=\"og:title\" content=\"Ressources CEM &#8211; Vive le conservatoire de Brest !\" \/>\n<meta property=\"og:description\" content=\"Il n\u2019y a pas d\u2019extrait, car cette publication est prot\u00e9g\u00e9e.\" \/>\n<meta property=\"og:url\" content=\"https:\/\/viveleconservatoiredebrest.org\/index.php\/ressources\/ressources-cem\/\" \/>\n<meta property=\"og:site_name\" content=\"Vive le conservatoire de Brest !\" \/>\n<meta property=\"article:publisher\" content=\"https:\/\/www.facebook.com\/ViveleConservatoire\/\" \/>\n<meta property=\"article:modified_time\" content=\"2021-05-15T20:20:51+00:00\" \/>\n<meta name=\"twitter:card\" content=\"summary_large_image\" \/>\n<meta name=\"twitter:label1\" content=\"Dur\u00e9e de lecture estim\u00e9e\" \/>\n\t<meta name=\"twitter:data1\" content=\"2 minutes\" \/>\n<script type=\"application\/ld+json\" class=\"yoast-schema-graph\">{\"@context\":\"https:\\\/\\\/schema.org\",\"@graph\":[{\"@type\":\"WebPage\",\"@id\":\"https:\\\/\\\/viveleconservatoiredebrest.org\\\/index.php\\\/ressources\\\/ressources-cem\\\/\",\"url\":\"https:\\\/\\\/viveleconservatoiredebrest.org\\\/index.php\\\/ressources\\\/ressources-cem\\\/\",\"name\":\"Ressources CEM &#8211; Vive le conservatoire de Brest !\",\"isPartOf\":{\"@id\":\"https:\\\/\\\/viveleconservatoiredebrest.org\\\/#website\"},\"datePublished\":\"2020-11-09T18:41:51+00:00\",\"dateModified\":\"2021-05-15T20:20:51+00:00\",\"breadcrumb\":{\"@id\":\"https:\\\/\\\/viveleconservatoiredebrest.org\\\/index.php\\\/ressources\\\/ressources-cem\\\/#breadcrumb\"},\"inLanguage\":\"fr-FR\"},{\"@type\":\"WebSite\",\"@id\":\"https:\\\/\\\/viveleconservatoiredebrest.org\\\/#website\",\"url\":\"https:\\\/\\\/viveleconservatoiredebrest.org\\\/\",\"name\":\"Association \u201cVive le conservatoire de Brest\u00a0!\u201d\",\"description\":\"Plateforme de l&#039;association des \u00e9l\u00e8ves, parents d&#039;\u00e9l\u00e8ves et amis du conservatoire \u00e0 rayonnement r\u00e9gional de Brest m\u00e9tropole\",\"publisher\":{\"@id\":\"https:\\\/\\\/viveleconservatoiredebrest.org\\\/#organization\"},\"potentialAction\":[{\"@type\":\"SearchAction\",\"target\":{\"@type\":\"EntryPoint\",\"urlTemplate\":\"https:\\\/\\\/viveleconservatoiredebrest.org\\\/?s={search_term_string}\"},\"query-input\":{\"@type\":\"PropertyValueSpecification\",\"valueRequired\":true,\"valueName\":\"search_term_string\"}}],\"inLanguage\":\"fr-FR\"},{\"@type\":\"Organization\",\"@id\":\"https:\\\/\\\/viveleconservatoiredebrest.org\\\/#organization\",\"name\":\"Association \u201cVive le conservatoire de Brest\u00a0!\u201d\",\"url\":\"https:\\\/\\\/viveleconservatoiredebrest.org\\\/\",\"logo\":{\"@type\":\"ImageObject\",\"inLanguage\":\"fr-FR\",\"@id\":\"https:\\\/\\\/viveleconservatoiredebrest.org\\\/#\\\/schema\\\/logo\\\/image\\\/\",\"url\":\"http:\\\/\\\/viveleconservatoiredebrest.org\\\/wp-content\\\/uploads\\\/2019\\\/01\\\/Logo_icone-1.gif\",\"contentUrl\":\"http:\\\/\\\/viveleconservatoiredebrest.org\\\/wp-content\\\/uploads\\\/2019\\\/01\\\/Logo_icone-1.gif\",\"width\":512,\"height\":856,\"caption\":\"Association \u201cVive le conservatoire de Brest\u00a0!\u201d\"},\"image\":{\"@id\":\"https:\\\/\\\/viveleconservatoiredebrest.org\\\/#\\\/schema\\\/logo\\\/image\\\/\"},\"sameAs\":[\"https:\\\/\\\/www.facebook.com\\\/ViveleConservatoire\\\/\"]}]}<\/script>\n<!-- \/ Yoast SEO plugin. -->","yoast_head_json":{"title":"Ressources CEM &#8211; Vive le conservatoire de Brest !","robots":{"index":"index","follow":"follow","max-snippet":"max-snippet:-1","max-image-preview":"max-image-preview:large","max-video-preview":"max-video-preview:-1"},"canonical":"https:\/\/viveleconservatoiredebrest.org\/index.php\/ressources\/ressources-cem\/","og_locale":"fr_FR","og_type":"article","og_title":"Ressources CEM &#8211; Vive le conservatoire de Brest !","og_description":"Il n\u2019y a pas d\u2019extrait, car cette publication est prot\u00e9g\u00e9e.","og_url":"https:\/\/viveleconservatoiredebrest.org\/index.php\/ressources\/ressources-cem\/","og_site_name":"Vive le conservatoire de Brest !","article_publisher":"https:\/\/www.facebook.com\/ViveleConservatoire\/","article_modified_time":"2021-05-15T20:20:51+00:00","twitter_card":"summary_large_image","twitter_misc":{"Dur\u00e9e de lecture estim\u00e9e":"2 minutes"},"schema":{"@context":"https:\/\/schema.org","@graph":[{"@type":"WebPage","@id":"https:\/\/viveleconservatoiredebrest.org\/index.php\/ressources\/ressources-cem\/","url":"https:\/\/viveleconservatoiredebrest.org\/index.php\/ressources\/ressources-cem\/","name":"Ressources CEM &#8211; Vive le conservatoire de Brest !","isPartOf":{"@id":"https:\/\/viveleconservatoiredebrest.org\/#website"},"datePublished":"2020-11-09T18:41:51+00:00","dateModified":"2021-05-15T20:20:51+00:00","breadcrumb":{"@id":"https:\/\/viveleconservatoiredebrest.org\/index.php\/ressources\/ressources-cem\/#breadcrumb"},"inLanguage":"fr-FR"},{"@type":"WebSite","@id":"https:\/\/viveleconservatoiredebrest.org\/#website","url":"https:\/\/viveleconservatoiredebrest.org\/","name":"Association \u201cVive le conservatoire de Brest\u00a0!\u201d","description":"Plateforme de l&#039;association des \u00e9l\u00e8ves, parents d&#039;\u00e9l\u00e8ves et amis du conservatoire \u00e0 rayonnement r\u00e9gional de Brest m\u00e9tropole","publisher":{"@id":"https:\/\/viveleconservatoiredebrest.org\/#organization"},"potentialAction":[{"@type":"SearchAction","target":{"@type":"EntryPoint","urlTemplate":"https:\/\/viveleconservatoiredebrest.org\/?s={search_term_string}"},"query-input":{"@type":"PropertyValueSpecification","valueRequired":true,"valueName":"search_term_string"}}],"inLanguage":"fr-FR"},{"@type":"Organization","@id":"https:\/\/viveleconservatoiredebrest.org\/#organization","name":"Association \u201cVive le conservatoire de Brest\u00a0!\u201d","url":"https:\/\/viveleconservatoiredebrest.org\/","logo":{"@type":"ImageObject","inLanguage":"fr-FR","@id":"https:\/\/viveleconservatoiredebrest.org\/#\/schema\/logo\/image\/","url":"http:\/\/viveleconservatoiredebrest.org\/wp-content\/uploads\/2019\/01\/Logo_icone-1.gif","contentUrl":"http:\/\/viveleconservatoiredebrest.org\/wp-content\/uploads\/2019\/01\/Logo_icone-1.gif","width":512,"height":856,"caption":"Association \u201cVive le conservatoire de Brest\u00a0!\u201d"},"image":{"@id":"https:\/\/viveleconservatoiredebrest.org\/#\/schema\/logo\/image\/"},"sameAs":["https:\/\/www.facebook.com\/ViveleConservatoire\/"]}]}},"_links":{"self":[{"href":"https:\/\/viveleconservatoiredebrest.org\/index.php\/wp-json\/wp\/v2\/pages\/1018","targetHints":{"allow":["GET"]}}],"collection":[{"href":"https:\/\/viveleconservatoiredebrest.org\/index.php\/wp-json\/wp\/v2\/pages"}],"about":[{"href":"https:\/\/viveleconservatoiredebrest.org\/index.php\/wp-json\/wp\/v2\/types\/page"}],"author":[{"embeddable":true,"href":"https:\/\/viveleconservatoiredebrest.org\/index.php\/wp-json\/wp\/v2\/users\/1"}],"replies":[{"embeddable":true,"href":"https:\/\/viveleconservatoiredebrest.org\/index.php\/wp-json\/wp\/v2\/comments?post=1018"}],"version-history":[{"count":31,"href":"https:\/\/viveleconservatoiredebrest.org\/index.php\/wp-json\/wp\/v2\/pages\/1018\/revisions"}],"predecessor-version":[{"id":1088,"href":"https:\/\/viveleconservatoiredebrest.org\/index.php\/wp-json\/wp\/v2\/pages\/1018\/revisions\/1088"}],"up":[{"embeddable":true,"href":"https:\/\/viveleconservatoiredebrest.org\/index.php\/wp-json\/wp\/v2\/pages\/522"}],"wp:attachment":[{"href":"https:\/\/viveleconservatoiredebrest.org\/index.php\/wp-json\/wp\/v2\/media?parent=1018"}],"curies":[{"name":"wp","href":"https:\/\/api.w.org\/{rel}","templated":true}]}}