{"id":11,"date":"2019-01-13T19:28:13","date_gmt":"2019-01-13T18:28:13","guid":{"rendered":"http:\/\/viveleconservatoiredebrest.org\/?page_id=11"},"modified":"2024-10-24T10:31:02","modified_gmt":"2024-10-24T08:31:02","slug":"accueil","status":"publish","type":"page","link":"https:\/\/viveleconservatoiredebrest.org\/","title":{"rendered":"Accueil"},"content":{"rendered":"<p>Bienvenue sur le site de l\u2019association <strong>\u201cVive le conservatoire de Brest\u00a0!\u201d<\/strong><\/p>\n<p>Cette plateforme se veut un lieu d\u2019\u00e9change et d\u2019information pour les <strong>\u00e9l\u00e8ves<\/strong>, les <strong>parents d\u2019\u00e9l\u00e8ves<\/strong> et les <strong>amis<\/strong> du <a title=\"Ce lien vous permet d\u2019acc\u00e9der directement au site du conservatoire.\" href=\"https:\/\/conservatoire.brest.fr\" target=\"_blank\" rel=\"noopener\">conservatoire \u00e0 rayonnement r\u00e9gional de musique, danse et art dramatique de Brest m\u00e9tropole<\/a> que l\u2019association souhaite regrouper.<\/p>\n<p>Vous y trouverez\u00a0:<\/p>\n<ul>\n<li>des informations pratiques dans le <a href=\"https:\/\/viveleconservatoiredebrest.org\/index.php\/blog\/\">bloc-note<\/a>,<\/li>\n<li>des <a href=\"https:\/\/viveleconservatoiredebrest.org\/index.php\/bourses\/\">bourses d&rsquo;\u00e9change<\/a>,<\/li>\n<li>un <a href=\"https:\/\/viveleconservatoiredebrest.org\/index.php\/rencontres\/\">lieu d\u2019\u00e9changes<\/a> pour pouvoir (\u201cdans la vraie vie\u201d\u00a0!) faire de la musique, danser ou pratiquer le th\u00e9\u00e2tre<\/li>\n<li>mais aussi pour savoir o\u00f9 ont lieu les <a href=\"https:\/\/viveleconservatoiredebrest.org\/index.php\/spectacles\/\">spectacles<\/a> de nos adh\u00e9rents et amis (<a href=\"https:\/\/viveleconservatoiredebrest.org\/index.php\/artistes-enseignants\/\">artistes qui enseignent au conservatoire<\/a>, <a href=\"https:\/\/viveleconservatoiredebrest.org\/index.php\/artistes-eleves\/\">\u00e9l\u00e8ves<\/a>, <a href=\"https:\/\/viveleconservatoiredebrest.org\/index.php\/artistes-amis\/\">artistes amis du conservatoire<\/a>\u2026)<\/li>\n<li>et \u00e9galement un lieu pour partager <a href=\"https:\/\/viveleconservatoiredebrest.org\/index.php\/ressources\/\">vos connaissances, vos ressources<\/a> diverses et vari\u00e9es pouvant \u00eatre utiles au plus grand nombre.<\/li>\n<li>Retrouvez le <strong>compte rendu de l&rsquo;assembl\u00e9e g\u00e9n\u00e9rale ordinaire 2024-2025<\/strong> qui a eu lieu le 19 septembre 2024.<\/li>\n<\/ul>\n<p>Ce site ne peut vivre que gr\u00e2ce \u00e0 votre participation aussi n\u2019h\u00e9sitez pas \u00e0 nous communiquer vos informations.<br \/>\nEnfin, n\u2019h\u00e9sitez pas \u00e0 <a href=\"https:\/\/viveleconservatoiredebrest.org\/index.php\/adhesion\/\">adh\u00e9rer \u00e0 l\u2019association<\/a> pour nous soutenir.<\/p>\n","protected":false},"excerpt":{"rendered":"<p>Bienvenue sur le site de l\u2019association \u201cVive le conservatoire de Brest\u00a0!\u201d Cette plateforme se veut un lieu d\u2019\u00e9change et d\u2019information pour les \u00e9l\u00e8ves, les parents d\u2019\u00e9l\u00e8ves et les amis du &hellip; <\/p>\n<p class=\"link-more\"><a href=\"https:\/\/viveleconservatoiredebrest.org\/\" class=\"more-link\">Continuer la lecture<span class=\"screen-reader-text\"> de &laquo;&nbsp;Accueil&nbsp;&raquo;<\/span><\/a><\/p>\n","protected":false},"author":1,"featured_media":0,"parent":0,"menu_order":0,"comment_status":"closed","ping_status":"closed","template":"","meta":{"footnotes":""},"class_list":["post-11","page","type-page","status-publish","hentry"],"yoast_head":"<!-- This site is optimized with the Yoast SEO plugin v27.5 - https:\/\/yoast.com\/product\/yoast-seo-wordpress\/ -->\n<title>Accueil &#8211; Vive le conservatoire de Brest !<\/title>\n<meta name=\"robots\" content=\"index, follow, max-snippet:-1, max-image-preview:large, max-video-preview:-1\" \/>\n<link rel=\"canonical\" href=\"https:\/\/viveleconservatoiredebrest.org\/\" \/>\n<meta property=\"og:locale\" content=\"fr_FR\" \/>\n<meta property=\"og:type\" content=\"article\" \/>\n<meta property=\"og:title\" content=\"Accueil &#8211; Vive le conservatoire de Brest !\" \/>\n<meta property=\"og:description\" content=\"Bienvenue sur le site de l\u2019association \u201cVive le conservatoire de Brest\u00a0!\u201d Cette plateforme se veut un lieu d\u2019\u00e9change et d\u2019information pour les \u00e9l\u00e8ves, les parents d\u2019\u00e9l\u00e8ves et les amis du &hellip; Continuer la lecture de &laquo;&nbsp;Accueil&nbsp;&raquo;\" \/>\n<meta property=\"og:url\" content=\"https:\/\/viveleconservatoiredebrest.org\/\" \/>\n<meta property=\"og:site_name\" content=\"Vive le conservatoire de Brest !\" \/>\n<meta property=\"article:publisher\" content=\"https:\/\/www.facebook.com\/ViveleConservatoire\/\" \/>\n<meta property=\"article:modified_time\" content=\"2024-10-24T08:31:02+00:00\" \/>\n<meta name=\"twitter:card\" content=\"summary_large_image\" \/>\n<meta name=\"twitter:label1\" content=\"Dur\u00e9e de lecture estim\u00e9e\" \/>\n\t<meta name=\"twitter:data1\" content=\"1 minute\" \/>\n<script type=\"application\/ld+json\" class=\"yoast-schema-graph\">{\"@context\":\"https:\\\/\\\/schema.org\",\"@graph\":[{\"@type\":\"WebPage\",\"@id\":\"https:\\\/\\\/viveleconservatoiredebrest.org\\\/\",\"url\":\"https:\\\/\\\/viveleconservatoiredebrest.org\\\/\",\"name\":\"Accueil &#8211; Vive le conservatoire de Brest !\",\"isPartOf\":{\"@id\":\"https:\\\/\\\/viveleconservatoiredebrest.org\\\/#website\"},\"datePublished\":\"2019-01-13T18:28:13+00:00\",\"dateModified\":\"2024-10-24T08:31:02+00:00\",\"breadcrumb\":{\"@id\":\"https:\\\/\\\/viveleconservatoiredebrest.org\\\/#breadcrumb\"},\"inLanguage\":\"fr-FR\",\"potentialAction\":[{\"@type\":\"ReadAction\",\"target\":[\"https:\\\/\\\/viveleconservatoiredebrest.org\\\/\"]}]},{\"@type\":\"BreadcrumbList\",\"@id\":\"https:\\\/\\\/viveleconservatoiredebrest.org\\\/#breadcrumb\",\"itemListElement\":[{\"@type\":\"ListItem\",\"position\":1,\"name\":\"Accueil\",\"item\":\"https:\\\/\\\/viveleconservatoiredebrest.org\\\/\"},{\"@type\":\"ListItem\",\"position\":2,\"name\":\"Accueil\"}]},{\"@type\":\"WebSite\",\"@id\":\"https:\\\/\\\/viveleconservatoiredebrest.org\\\/#website\",\"url\":\"https:\\\/\\\/viveleconservatoiredebrest.org\\\/\",\"name\":\"Association \u201cVive le conservatoire de Brest\u00a0!\u201d\",\"description\":\"Plateforme de l&#039;association des \u00e9l\u00e8ves, parents d&#039;\u00e9l\u00e8ves et amis du conservatoire \u00e0 rayonnement r\u00e9gional de Brest m\u00e9tropole\",\"publisher\":{\"@id\":\"https:\\\/\\\/viveleconservatoiredebrest.org\\\/#organization\"},\"potentialAction\":[{\"@type\":\"SearchAction\",\"target\":{\"@type\":\"EntryPoint\",\"urlTemplate\":\"https:\\\/\\\/viveleconservatoiredebrest.org\\\/?s={search_term_string}\"},\"query-input\":{\"@type\":\"PropertyValueSpecification\",\"valueRequired\":true,\"valueName\":\"search_term_string\"}}],\"inLanguage\":\"fr-FR\"},{\"@type\":\"Organization\",\"@id\":\"https:\\\/\\\/viveleconservatoiredebrest.org\\\/#organization\",\"name\":\"Association \u201cVive le conservatoire de Brest\u00a0!\u201d\",\"url\":\"https:\\\/\\\/viveleconservatoiredebrest.org\\\/\",\"logo\":{\"@type\":\"ImageObject\",\"inLanguage\":\"fr-FR\",\"@id\":\"https:\\\/\\\/viveleconservatoiredebrest.org\\\/#\\\/schema\\\/logo\\\/image\\\/\",\"url\":\"http:\\\/\\\/viveleconservatoiredebrest.org\\\/wp-content\\\/uploads\\\/2019\\\/01\\\/Logo_icone-1.gif\",\"contentUrl\":\"http:\\\/\\\/viveleconservatoiredebrest.org\\\/wp-content\\\/uploads\\\/2019\\\/01\\\/Logo_icone-1.gif\",\"width\":512,\"height\":856,\"caption\":\"Association \u201cVive le conservatoire de Brest\u00a0!\u201d\"},\"image\":{\"@id\":\"https:\\\/\\\/viveleconservatoiredebrest.org\\\/#\\\/schema\\\/logo\\\/image\\\/\"},\"sameAs\":[\"https:\\\/\\\/www.facebook.com\\\/ViveleConservatoire\\\/\"]}]}<\/script>\n<!-- \/ Yoast SEO plugin. -->","yoast_head_json":{"title":"Accueil &#8211; Vive le conservatoire de Brest !","robots":{"index":"index","follow":"follow","max-snippet":"max-snippet:-1","max-image-preview":"max-image-preview:large","max-video-preview":"max-video-preview:-1"},"canonical":"https:\/\/viveleconservatoiredebrest.org\/","og_locale":"fr_FR","og_type":"article","og_title":"Accueil &#8211; Vive le conservatoire de Brest !","og_description":"Bienvenue sur le site de l\u2019association \u201cVive le conservatoire de Brest\u00a0!\u201d Cette plateforme se veut un lieu d\u2019\u00e9change et d\u2019information pour les \u00e9l\u00e8ves, les parents d\u2019\u00e9l\u00e8ves et les amis du &hellip; Continuer la lecture de &laquo;&nbsp;Accueil&nbsp;&raquo;","og_url":"https:\/\/viveleconservatoiredebrest.org\/","og_site_name":"Vive le conservatoire de Brest !","article_publisher":"https:\/\/www.facebook.com\/ViveleConservatoire\/","article_modified_time":"2024-10-24T08:31:02+00:00","twitter_card":"summary_large_image","twitter_misc":{"Dur\u00e9e de lecture estim\u00e9e":"1 minute"},"schema":{"@context":"https:\/\/schema.org","@graph":[{"@type":"WebPage","@id":"https:\/\/viveleconservatoiredebrest.org\/","url":"https:\/\/viveleconservatoiredebrest.org\/","name":"Accueil &#8211; Vive le conservatoire de Brest !","isPartOf":{"@id":"https:\/\/viveleconservatoiredebrest.org\/#website"},"datePublished":"2019-01-13T18:28:13+00:00","dateModified":"2024-10-24T08:31:02+00:00","breadcrumb":{"@id":"https:\/\/viveleconservatoiredebrest.org\/#breadcrumb"},"inLanguage":"fr-FR","potentialAction":[{"@type":"ReadAction","target":["https:\/\/viveleconservatoiredebrest.org\/"]}]},{"@type":"BreadcrumbList","@id":"https:\/\/viveleconservatoiredebrest.org\/#breadcrumb","itemListElement":[{"@type":"ListItem","position":1,"name":"Accueil","item":"https:\/\/viveleconservatoiredebrest.org\/"},{"@type":"ListItem","position":2,"name":"Accueil"}]},{"@type":"WebSite","@id":"https:\/\/viveleconservatoiredebrest.org\/#website","url":"https:\/\/viveleconservatoiredebrest.org\/","name":"Association \u201cVive le conservatoire de Brest\u00a0!\u201d","description":"Plateforme de l&#039;association des \u00e9l\u00e8ves, parents d&#039;\u00e9l\u00e8ves et amis du conservatoire \u00e0 rayonnement r\u00e9gional de Brest m\u00e9tropole","publisher":{"@id":"https:\/\/viveleconservatoiredebrest.org\/#organization"},"potentialAction":[{"@type":"SearchAction","target":{"@type":"EntryPoint","urlTemplate":"https:\/\/viveleconservatoiredebrest.org\/?s={search_term_string}"},"query-input":{"@type":"PropertyValueSpecification","valueRequired":true,"valueName":"search_term_string"}}],"inLanguage":"fr-FR"},{"@type":"Organization","@id":"https:\/\/viveleconservatoiredebrest.org\/#organization","name":"Association \u201cVive le conservatoire de Brest\u00a0!\u201d","url":"https:\/\/viveleconservatoiredebrest.org\/","logo":{"@type":"ImageObject","inLanguage":"fr-FR","@id":"https:\/\/viveleconservatoiredebrest.org\/#\/schema\/logo\/image\/","url":"http:\/\/viveleconservatoiredebrest.org\/wp-content\/uploads\/2019\/01\/Logo_icone-1.gif","contentUrl":"http:\/\/viveleconservatoiredebrest.org\/wp-content\/uploads\/2019\/01\/Logo_icone-1.gif","width":512,"height":856,"caption":"Association \u201cVive le conservatoire de Brest\u00a0!\u201d"},"image":{"@id":"https:\/\/viveleconservatoiredebrest.org\/#\/schema\/logo\/image\/"},"sameAs":["https:\/\/www.facebook.com\/ViveleConservatoire\/"]}]}},"_links":{"self":[{"href":"https:\/\/viveleconservatoiredebrest.org\/index.php\/wp-json\/wp\/v2\/pages\/11","targetHints":{"allow":["GET"]}}],"collection":[{"href":"https:\/\/viveleconservatoiredebrest.org\/index.php\/wp-json\/wp\/v2\/pages"}],"about":[{"href":"https:\/\/viveleconservatoiredebrest.org\/index.php\/wp-json\/wp\/v2\/types\/page"}],"author":[{"embeddable":true,"href":"https:\/\/viveleconservatoiredebrest.org\/index.php\/wp-json\/wp\/v2\/users\/1"}],"replies":[{"embeddable":true,"href":"https:\/\/viveleconservatoiredebrest.org\/index.php\/wp-json\/wp\/v2\/comments?post=11"}],"version-history":[{"count":40,"href":"https:\/\/viveleconservatoiredebrest.org\/index.php\/wp-json\/wp\/v2\/pages\/11\/revisions"}],"predecessor-version":[{"id":1164,"href":"https:\/\/viveleconservatoiredebrest.org\/index.php\/wp-json\/wp\/v2\/pages\/11\/revisions\/1164"}],"wp:attachment":[{"href":"https:\/\/viveleconservatoiredebrest.org\/index.php\/wp-json\/wp\/v2\/media?parent=11"}],"curies":[{"name":"wp","href":"https:\/\/api.w.org\/{rel}","templated":true}]}}