{"id":116,"date":"2019-01-14T20:29:57","date_gmt":"2019-01-14T19:29:57","guid":{"rendered":"http:\/\/viveleconservatoiredebrest.org\/?page_id=116"},"modified":"2019-01-17T21:28:51","modified_gmt":"2019-01-17T20:28:51","slug":"artistes","status":"publish","type":"page","link":"https:\/\/viveleconservatoiredebrest.org\/index.php\/artistes\/","title":{"rendered":"Artistes"},"content":{"rendered":"<p>Retrouvez ici les artistes du conservatoire&nbsp;: <a href=\"https:\/\/viveleconservatoiredebrest.org\/index.php\/artistes-enseignants\/\">enseignants<\/a>, <a href=\"https:\/\/viveleconservatoiredebrest.org\/index.php\/artistes-eleves\/\">\u00e9l\u00e8ves<\/a>, <a href=\"https:\/\/viveleconservatoiredebrest.org\/index.php\/artistes-amis\/\">anciens \u00e9l\u00e8ves, anciens enseignants ou amis du conservatoire<\/a> ont une activit\u00e9 artistique importante.<\/p>\n","protected":false},"excerpt":{"rendered":"<p>Retrouvez ici les artistes du conservatoire&nbsp;: enseignants, \u00e9l\u00e8ves, anciens \u00e9l\u00e8ves, anciens enseignants ou amis du conservatoire ont une activit\u00e9 artistique importante.<\/p>\n","protected":false},"author":1,"featured_media":0,"parent":0,"menu_order":0,"comment_status":"closed","ping_status":"closed","template":"","meta":{"footnotes":""},"class_list":["post-116","page","type-page","status-publish","hentry"],"yoast_head":"<!-- This site is optimized with the Yoast SEO plugin v27.4 - https:\/\/yoast.com\/product\/yoast-seo-wordpress\/ -->\n<title>Artistes &#8211; Vive le conservatoire de Brest !<\/title>\n<meta name=\"robots\" content=\"index, follow, max-snippet:-1, max-image-preview:large, max-video-preview:-1\" \/>\n<link rel=\"canonical\" href=\"https:\/\/viveleconservatoiredebrest.org\/index.php\/artistes\/\" \/>\n<meta property=\"og:locale\" content=\"fr_FR\" \/>\n<meta property=\"og:type\" content=\"article\" \/>\n<meta property=\"og:title\" content=\"Artistes &#8211; Vive le conservatoire de Brest !\" \/>\n<meta property=\"og:description\" content=\"Retrouvez ici les artistes du conservatoire&nbsp;: enseignants, \u00e9l\u00e8ves, anciens \u00e9l\u00e8ves, anciens enseignants ou amis du conservatoire ont une activit\u00e9 artistique importante.\" \/>\n<meta property=\"og:url\" content=\"https:\/\/viveleconservatoiredebrest.org\/index.php\/artistes\/\" \/>\n<meta property=\"og:site_name\" content=\"Vive le conservatoire de Brest !\" \/>\n<meta property=\"article:publisher\" content=\"https:\/\/www.facebook.com\/ViveleConservatoire\/\" \/>\n<meta property=\"article:modified_time\" content=\"2019-01-17T20:28:51+00:00\" \/>\n<meta name=\"twitter:card\" content=\"summary_large_image\" \/>\n<script type=\"application\/ld+json\" class=\"yoast-schema-graph\">{\"@context\":\"https:\\\/\\\/schema.org\",\"@graph\":[{\"@type\":\"WebPage\",\"@id\":\"https:\\\/\\\/viveleconservatoiredebrest.org\\\/index.php\\\/artistes\\\/\",\"url\":\"https:\\\/\\\/viveleconservatoiredebrest.org\\\/index.php\\\/artistes\\\/\",\"name\":\"Artistes &#8211; Vive le conservatoire de Brest !\",\"isPartOf\":{\"@id\":\"https:\\\/\\\/viveleconservatoiredebrest.org\\\/#website\"},\"datePublished\":\"2019-01-14T19:29:57+00:00\",\"dateModified\":\"2019-01-17T20:28:51+00:00\",\"breadcrumb\":{\"@id\":\"https:\\\/\\\/viveleconservatoiredebrest.org\\\/index.php\\\/artistes\\\/#breadcrumb\"},\"inLanguage\":\"fr-FR\",\"potentialAction\":[{\"@type\":\"ReadAction\",\"target\":[\"https:\\\/\\\/viveleconservatoiredebrest.org\\\/index.php\\\/artistes\\\/\"]}]},{\"@type\":\"BreadcrumbList\",\"@id\":\"https:\\\/\\\/viveleconservatoiredebrest.org\\\/index.php\\\/artistes\\\/#breadcrumb\",\"itemListElement\":[{\"@type\":\"ListItem\",\"position\":1,\"name\":\"Accueil\",\"item\":\"https:\\\/\\\/viveleconservatoiredebrest.org\\\/\"},{\"@type\":\"ListItem\",\"position\":2,\"name\":\"Artistes\"}]},{\"@type\":\"WebSite\",\"@id\":\"https:\\\/\\\/viveleconservatoiredebrest.org\\\/#website\",\"url\":\"https:\\\/\\\/viveleconservatoiredebrest.org\\\/\",\"name\":\"Association \u201cVive le conservatoire de Brest\u00a0!\u201d\",\"description\":\"Plateforme de l&#039;association des \u00e9l\u00e8ves, parents d&#039;\u00e9l\u00e8ves et amis du conservatoire \u00e0 rayonnement r\u00e9gional de Brest m\u00e9tropole\",\"publisher\":{\"@id\":\"https:\\\/\\\/viveleconservatoiredebrest.org\\\/#organization\"},\"potentialAction\":[{\"@type\":\"SearchAction\",\"target\":{\"@type\":\"EntryPoint\",\"urlTemplate\":\"https:\\\/\\\/viveleconservatoiredebrest.org\\\/?s={search_term_string}\"},\"query-input\":{\"@type\":\"PropertyValueSpecification\",\"valueRequired\":true,\"valueName\":\"search_term_string\"}}],\"inLanguage\":\"fr-FR\"},{\"@type\":\"Organization\",\"@id\":\"https:\\\/\\\/viveleconservatoiredebrest.org\\\/#organization\",\"name\":\"Association \u201cVive le conservatoire de Brest\u00a0!\u201d\",\"url\":\"https:\\\/\\\/viveleconservatoiredebrest.org\\\/\",\"logo\":{\"@type\":\"ImageObject\",\"inLanguage\":\"fr-FR\",\"@id\":\"https:\\\/\\\/viveleconservatoiredebrest.org\\\/#\\\/schema\\\/logo\\\/image\\\/\",\"url\":\"http:\\\/\\\/viveleconservatoiredebrest.org\\\/wp-content\\\/uploads\\\/2019\\\/01\\\/Logo_icone-1.gif\",\"contentUrl\":\"http:\\\/\\\/viveleconservatoiredebrest.org\\\/wp-content\\\/uploads\\\/2019\\\/01\\\/Logo_icone-1.gif\",\"width\":512,\"height\":856,\"caption\":\"Association \u201cVive le conservatoire de Brest\u00a0!\u201d\"},\"image\":{\"@id\":\"https:\\\/\\\/viveleconservatoiredebrest.org\\\/#\\\/schema\\\/logo\\\/image\\\/\"},\"sameAs\":[\"https:\\\/\\\/www.facebook.com\\\/ViveleConservatoire\\\/\"]}]}<\/script>\n<!-- \/ Yoast SEO plugin. -->","yoast_head_json":{"title":"Artistes &#8211; Vive le conservatoire de Brest !","robots":{"index":"index","follow":"follow","max-snippet":"max-snippet:-1","max-image-preview":"max-image-preview:large","max-video-preview":"max-video-preview:-1"},"canonical":"https:\/\/viveleconservatoiredebrest.org\/index.php\/artistes\/","og_locale":"fr_FR","og_type":"article","og_title":"Artistes &#8211; Vive le conservatoire de Brest !","og_description":"Retrouvez ici les artistes du conservatoire&nbsp;: enseignants, \u00e9l\u00e8ves, anciens \u00e9l\u00e8ves, anciens enseignants ou amis du conservatoire ont une activit\u00e9 artistique importante.","og_url":"https:\/\/viveleconservatoiredebrest.org\/index.php\/artistes\/","og_site_name":"Vive le conservatoire de Brest !","article_publisher":"https:\/\/www.facebook.com\/ViveleConservatoire\/","article_modified_time":"2019-01-17T20:28:51+00:00","twitter_card":"summary_large_image","schema":{"@context":"https:\/\/schema.org","@graph":[{"@type":"WebPage","@id":"https:\/\/viveleconservatoiredebrest.org\/index.php\/artistes\/","url":"https:\/\/viveleconservatoiredebrest.org\/index.php\/artistes\/","name":"Artistes &#8211; Vive le conservatoire de Brest !","isPartOf":{"@id":"https:\/\/viveleconservatoiredebrest.org\/#website"},"datePublished":"2019-01-14T19:29:57+00:00","dateModified":"2019-01-17T20:28:51+00:00","breadcrumb":{"@id":"https:\/\/viveleconservatoiredebrest.org\/index.php\/artistes\/#breadcrumb"},"inLanguage":"fr-FR","potentialAction":[{"@type":"ReadAction","target":["https:\/\/viveleconservatoiredebrest.org\/index.php\/artistes\/"]}]},{"@type":"BreadcrumbList","@id":"https:\/\/viveleconservatoiredebrest.org\/index.php\/artistes\/#breadcrumb","itemListElement":[{"@type":"ListItem","position":1,"name":"Accueil","item":"https:\/\/viveleconservatoiredebrest.org\/"},{"@type":"ListItem","position":2,"name":"Artistes"}]},{"@type":"WebSite","@id":"https:\/\/viveleconservatoiredebrest.org\/#website","url":"https:\/\/viveleconservatoiredebrest.org\/","name":"Association \u201cVive le conservatoire de Brest\u00a0!\u201d","description":"Plateforme de l&#039;association des \u00e9l\u00e8ves, parents d&#039;\u00e9l\u00e8ves et amis du conservatoire \u00e0 rayonnement r\u00e9gional de Brest m\u00e9tropole","publisher":{"@id":"https:\/\/viveleconservatoiredebrest.org\/#organization"},"potentialAction":[{"@type":"SearchAction","target":{"@type":"EntryPoint","urlTemplate":"https:\/\/viveleconservatoiredebrest.org\/?s={search_term_string}"},"query-input":{"@type":"PropertyValueSpecification","valueRequired":true,"valueName":"search_term_string"}}],"inLanguage":"fr-FR"},{"@type":"Organization","@id":"https:\/\/viveleconservatoiredebrest.org\/#organization","name":"Association \u201cVive le conservatoire de Brest\u00a0!\u201d","url":"https:\/\/viveleconservatoiredebrest.org\/","logo":{"@type":"ImageObject","inLanguage":"fr-FR","@id":"https:\/\/viveleconservatoiredebrest.org\/#\/schema\/logo\/image\/","url":"http:\/\/viveleconservatoiredebrest.org\/wp-content\/uploads\/2019\/01\/Logo_icone-1.gif","contentUrl":"http:\/\/viveleconservatoiredebrest.org\/wp-content\/uploads\/2019\/01\/Logo_icone-1.gif","width":512,"height":856,"caption":"Association \u201cVive le conservatoire de Brest\u00a0!\u201d"},"image":{"@id":"https:\/\/viveleconservatoiredebrest.org\/#\/schema\/logo\/image\/"},"sameAs":["https:\/\/www.facebook.com\/ViveleConservatoire\/"]}]}},"_links":{"self":[{"href":"https:\/\/viveleconservatoiredebrest.org\/index.php\/wp-json\/wp\/v2\/pages\/116","targetHints":{"allow":["GET"]}}],"collection":[{"href":"https:\/\/viveleconservatoiredebrest.org\/index.php\/wp-json\/wp\/v2\/pages"}],"about":[{"href":"https:\/\/viveleconservatoiredebrest.org\/index.php\/wp-json\/wp\/v2\/types\/page"}],"author":[{"embeddable":true,"href":"https:\/\/viveleconservatoiredebrest.org\/index.php\/wp-json\/wp\/v2\/users\/1"}],"replies":[{"embeddable":true,"href":"https:\/\/viveleconservatoiredebrest.org\/index.php\/wp-json\/wp\/v2\/comments?post=116"}],"version-history":[{"count":2,"href":"https:\/\/viveleconservatoiredebrest.org\/index.php\/wp-json\/wp\/v2\/pages\/116\/revisions"}],"predecessor-version":[{"id":691,"href":"https:\/\/viveleconservatoiredebrest.org\/index.php\/wp-json\/wp\/v2\/pages\/116\/revisions\/691"}],"wp:attachment":[{"href":"https:\/\/viveleconservatoiredebrest.org\/index.php\/wp-json\/wp\/v2\/media?parent=116"}],"curies":[{"name":"wp","href":"https:\/\/api.w.org\/{rel}","templated":true}]}}