{"id":126,"date":"2019-01-14T20:33:42","date_gmt":"2019-01-14T19:33:42","guid":{"rendered":"http:\/\/viveleconservatoiredebrest.org\/?page_id=126"},"modified":"2021-01-13T16:34:33","modified_gmt":"2021-01-13T15:34:33","slug":"statuts","status":"publish","type":"page","link":"https:\/\/viveleconservatoiredebrest.org\/index.php\/lassociation\/statuts\/","title":{"rendered":"Statuts"},"content":{"rendered":"<p><i><font size=\"-1\">Pour t\u00e9l\u00e9charger les statuts au format pdf, cliquez sur le logo de l\u2019association\u2026<\/font><\/i><br \/>\n&nbsp;<\/p>\n<div align=\"center\"><a href=\"https:\/\/viveleconservatoiredebrest.org\/wp-content\/uploads\/2019\/01\/2017-07-07_Statuts_Vive_le_Conservatoire_de_Brest.pdf\" title=\"Pour t\u00e9l\u00e9charger les statuts au format pdf, cliquez sur le logo de l\u2019association\u2026\"><img loading=\"lazy\" decoding=\"async\" src=\"https:\/\/viveleconservatoiredebrest.org\/wp-content\/uploads\/2019\/01\/Logo-1b.jpg\" alt=\"\" width=\"107\" height=\"105\"><\/a><br \/>\n<strong><font size=\"+1\">STATUTS DE L\u2019ASSOCIATION<br \/>\n\u201cVIVE LE CONSERVATOIRE DE BREST&nbsp;!\u201d<\/font><br \/>\nr\u00e9gie par la loi du 1<sup><font size=\"-1\">er<\/font><\/sup>&nbsp;juillet 1901 et le d\u00e9cret du 16&nbsp;ao\u00fbt 1901<br \/>\net d\u00e9clar\u00e9e \u00e0 la sous-pr\u00e9fecture de Brest le 7&nbsp;juillet 2017<\/strong><\/div>\n<p>&nbsp;<\/p>\n<div align=\"center\">Article&nbsp;1<sup><font size=\"-1\">er<\/font><\/sup><br \/>\nNom<\/div>\n<p>Il est fond\u00e9 entre les adh\u00e9rents aux pr\u00e9sents statuts une association r\u00e9gie par la loi du 1<sup><font size=\"-1\">er<\/font><\/sup>&nbsp;juillet 1901 et le d\u00e9cret du 16&nbsp;ao\u00fbt 1901, ayant pour <strong>titre<\/strong> \u201cVive le Conservatoire de Brest&nbsp;!\u201d.<\/p>\n<div align=\"center\">Article&nbsp;2<br \/>\nObjet<\/div>\n<p>Cette association a pour <strong>objet<\/strong> aux c\u00f4t\u00e9s du Conservatoire \u00e0 rayonnement r\u00e9gional de musique, de danse et d\u2019art dramatique de Brest m\u00e9tropole (d\u00e9nomm\u00e9 ci-dessous \u201cConservatoire de Brest\u201d), de favoriser la pratique, la d\u00e9couverte et la connaissance de la musique, de la danse et du th\u00e9\u00e2tre dans et autour du Pays de Brest et de soutenir les actions men\u00e9es par ledit Conservatoire de Brest. Elle participe, aux c\u00f4t\u00e9s du Conservatoire de Brest et de ses enseignants, aux actions qui visent \u00e0 le renforcer et \u00e0 d\u00e9velopper les relations entre les usagers du Conservatoire de Brest, son personnel et son administration. Elle s\u2019adresse aux \u00e9l\u00e8ves, parents d\u2019\u00e9l\u00e8ves et amis du Conservatoire de Brest ainsi qu\u2019\u00e0 toute personne ou structure aupr\u00e8s de laquelle il intervient.<\/p>\n<div align=\"center\">Article&nbsp;3<br \/>\nSi\u00e8ge social<\/div>\n<p>Le <strong>si\u00e8ge social<\/strong> est fix\u00e9 \u00e0 Brest (Finist\u00e8re).<br \/>\nIl pourra \u00eatre transf\u00e9r\u00e9 par simple d\u00e9cision du conseil d\u2019administration&nbsp;; la ratification par l\u2019assembl\u00e9e g\u00e9n\u00e9rale sera n\u00e9cessaire.<\/p>\n<div align=\"center\">Article&nbsp;4<br \/>\nDur\u00e9e<\/div>\n<p>La dur\u00e9e de l\u2019association est illimit\u00e9e.<\/p>\n<div align=\"center\">Article&nbsp;5<br \/>\nComposition<\/div>\n<p>L\u2019association se compose de&nbsp;:<br \/>\na)&nbsp;Membres actifs ou adh\u00e9rents pouvant \u00eatre des personnes physiques, des institutions ou des personnes morales, chaque institution ou personne morale \u00e9tant repr\u00e9sent\u00e9e par au plus un repr\u00e9sentant.<br \/>\nb)&nbsp;Membres bienfaiteurs<br \/>\nc)&nbsp;Membres d\u2019honneur<\/p>\n<div align=\"center\">Article&nbsp;6<br \/>\nLes membres \u2013 Les cotisations<\/div>\n<p>Sont membres actifs ceux qui ont pris l\u2019engagement de verser annuellement une cotisation fix\u00e9e chaque ann\u00e9e par l\u2019assembl\u00e9e g\u00e9n\u00e9rale.<br \/>\nL\u2019assembl\u00e9e g\u00e9n\u00e9rale peut \u00e9tablir des cotisations r\u00e9duites.<br \/>\nLes institutions ou personnes morales dont la liste, \u00e9tablie par le conseil d\u2019administration, est mentionn\u00e9e dans le r\u00e8glement int\u00e9rieur<br \/>\nsont dispens\u00e9es de cotisation.<br \/>\nSont membres bienfaiteurs les personnes qui versent un droit d\u2019entr\u00e9e et une cotisation annuelle fix\u00e9e chaque ann\u00e9e par l\u2019assembl\u00e9e g\u00e9n\u00e9rale.<br \/>\nSont membres d\u2019honneur ceux qui ont rendu des services signal\u00e9s \u00e0 l\u2019association&nbsp;; ils sont dispens\u00e9s de cotisation.<\/p>\n<div align=\"center\">Article&nbsp;7<br \/>\nRadiations<\/div>\n<p>La qualit\u00e9 de membre de l\u2019association se perd&nbsp;:<br \/>\na)&nbsp;La d\u00e9mission&nbsp;;<br \/>\nb)&nbsp;Le d\u00e9c\u00e8s&nbsp;;<br \/>\nc)&nbsp;La radiation prononc\u00e9e par le conseil d\u2019administration pour non-paiement de la cotisation ou pour motif grave, l\u2019int\u00e9ress\u00e9 ayant \u00e9t\u00e9 invit\u00e9 par lettre recommand\u00e9e, lettre remise contre r\u00e9c\u00e9piss\u00e9 ou courrier \u00e9lectronique avec r\u00e9c\u00e9piss\u00e9, \u00e0 se pr\u00e9senter devant le bureau pour fournir des explications.<\/p>\n<div align=\"center\">Article&nbsp;8<br \/>\nRessources<\/div>\n<p>Les ressources de l\u2019association comprennent&nbsp;:<br \/>\n1.&nbsp;Le montant des droits d\u2019entr\u00e9e et de cotisations&nbsp;;<br \/>\n2.&nbsp;Les subventions de l\u2019\u00c9tat, des r\u00e9gions, des d\u00e9partements et des communes&nbsp;;<br \/>\n3.&nbsp;Le fruit de ventes occasionnelles de produits ou de services, ventes organis\u00e9es avec accord du bureau&nbsp;;<br \/>\n4.&nbsp;Les dons manuels de personnes physiques ou morales.<br \/>\nIl est tenu une comptabilit\u00e9 faisant appara\u00eetre annuellement un compte de r\u00e9sultat, un bilan et une annexe, conform\u00e9ment aux dispositions du r\u00e8glement du 16&nbsp;f\u00e9vrier 1999 relatif aux modalit\u00e9s d\u2019\u00e9tablissement des comptes annuels des associations et fondations.<br \/>\nCes documents doivent \u00eatre \u00e9tablis dans les six mois suivant la cl\u00f4ture de l\u2019exercice.<\/p>\n<div align=\"center\">Article&nbsp;9<br \/>\nConseil d\u2019administration<\/div>\n<p>L\u2019association est dirig\u00e9e par un conseil d\u2019au moins trois et au plus neuf membres, \u00e9lus pour une ann\u00e9e par l\u2019assembl\u00e9e g\u00e9n\u00e9rale. Les membres sont r\u00e9\u00e9ligibles.<br \/>\nLe conseil d\u2019administration choisit parmi ses membres, au scrutin secret \u2014&nbsp;ou, si la majorit\u00e9 est d\u2019accord, \u00e0 main lev\u00e9e&nbsp;\u2014, un bureau compos\u00e9 de&nbsp;:<br \/>\n1.&nbsp;Un(e) pr\u00e9sident(e)&nbsp;;<br \/>\n2.&nbsp;\u00c9ventuellement, un(e) ou plusieurs vice-pr\u00e9sident(e)s&nbsp;;<br \/>\n3.&nbsp;Un(e) tr\u00e9sorier(e) et, si besoin, un(e) tr\u00e9sorier(e) adjoint(e)&nbsp;;<br \/>\n4.&nbsp;Un(e) secr\u00e9taire et, s\u2019il y a lieu, un(e) secr\u00e9taire adjoint(e).<br \/>\nLe conseil est renouvel\u00e9 tous les ans.<br \/>\nLes fonctions de pr\u00e9sident(e) et de tr\u00e9sorier(e) devront \u00eatre assur\u00e9es exclusivement par des membres de l\u2019association majeurs ou \u00e9mancip\u00e9s.<br \/>\nEn cas de vacances, le conseil pourvoit provisoirement au remplacement de ses membres. Il est proc\u00e9d\u00e9 \u00e0 leur remplacement d\u00e9finitif par la plus prochaine assembl\u00e9e g\u00e9n\u00e9rale.<br \/>\nL\u2019association s\u2019engage \u00e0 faire conna\u00eetre dans les trois mois \u00e0 la sous-pr\u00e9fecture de Brest tous les changements survenus dans l\u2019administration et \u00e0 pr\u00e9senter les registres et pi\u00e8ces de comptabilit\u00e9, sur toute r\u00e9quisition du pr\u00e9fet.<\/p>\n<div align=\"center\">Article&nbsp;10<br \/>\nR\u00e9union du conseil d\u2019administration<\/div>\n<p>Le conseil se r\u00e9unit une fois au moins tous les six mois, sur convocation du pr\u00e9sident, ou sur la demande d\u2019au moins le quart de ses membres.<br \/>\nLes d\u00e9cisions sont prises \u2014&nbsp;sous r\u00e9serve qu\u2019un quorum \u00e9gal \u00e0 la moiti\u00e9 des membres \u00e9lus plus un soit r\u00e9uni&nbsp;\u2014 \u00e0 la majorit\u00e9 des voix&nbsp;; en cas de partage, la voix du pr\u00e9sident est pr\u00e9pond\u00e9rante.<br \/>\nTout membre du conseil qui, sans excuse, n\u2019aura pas assist\u00e9 \u00e0 trois r\u00e9unions cons\u00e9cutives pourra \u00eatre consid\u00e9r\u00e9 comme d\u00e9missionnaire.<\/p>\n<div align=\"center\">Article&nbsp;11<br \/>\nAssembl\u00e9e g\u00e9n\u00e9rale ordinaire<\/div>\n<p>L\u2019assembl\u00e9e g\u00e9n\u00e9rale ordinaire comprend tous les membres de l\u2019association \u00e0 quelque titre qu\u2019ils soient affili\u00e9s. L\u2019assembl\u00e9e g\u00e9n\u00e9rale ordinaire se r\u00e9unit chaque ann\u00e9e au moins une fois par an. Quinze jours au moins avant la date fix\u00e9e, les membres de l\u2019association sont convoqu\u00e9s par les soins du secr\u00e9taire. L\u2019ordre du jour est indiqu\u00e9 sur les convocations.<br \/>\nLe pr\u00e9sident, assist\u00e9 des membres du bureau, pr\u00e9side l\u2019assembl\u00e9e et expose la situation morale de l\u2019association.<br \/>\nLe tr\u00e9sorier rend compte de sa gestion et soumet le bilan \u00e0 l\u2019approbation de l\u2019assembl\u00e9e.<br \/>\nIl est proc\u00e9d\u00e9, apr\u00e8s \u00e9puisement de l\u2019ordre du jour, au remplacement, au scrutin secret \u2014&nbsp;ou, si la majorit\u00e9 des deux tiers des membres pr\u00e9sents est d\u2019accord, \u00e0 main lev\u00e9e&nbsp;\u2014, des membres du conseil sortants.<br \/>\nNe devront \u00eatre trait\u00e9es, lors de l\u2019assembl\u00e9e g\u00e9n\u00e9rale, que les questions soumises \u00e0 l\u2019ordre du jour.<br \/>\nChaque membre pr\u00e9sent lors de l\u2019assembl\u00e9e g\u00e9n\u00e9rale pourra d\u00e9tenir au plus cinq pouvoirs remis par des membres ne pouvant assister \u00e0 l\u2019assembl\u00e9e.<\/p>\n<div align=\"center\">Article&nbsp;12<br \/>\nAssembl\u00e9e g\u00e9n\u00e9rale extraordinaire<\/div>\n<p>Si besoin est, ou sur la demande de la moiti\u00e9 plus un des membres inscrits, le pr\u00e9sident peut convoquer une assembl\u00e9e g\u00e9n\u00e9rale extraordinaire, suivant les formalit\u00e9s pr\u00e9vues par l\u2019Article&nbsp;10.<\/p>\n<div align=\"center\">Article&nbsp;13<br \/>\nR\u00e8glement int\u00e9rieur<\/div>\n<p>Un r\u00e8glement int\u00e9rieur peut \u00eatre \u00e9tabli par le conseil d\u2019administration, qui le fait alors approuver par l\u2019assembl\u00e9e g\u00e9n\u00e9rale. Ce r\u00e8glement \u00e9ventuel pr\u00e9cise certains points des statuts, notamment ceux qui ont trait \u00e0 l\u2019administration interne de l\u2019association.<\/p>\n<div align=\"center\">Article&nbsp;14<br \/>\nDissolution<\/div>\n<p>En cas de dissolution prononc\u00e9e par les deux tiers au moins des membres pr\u00e9sents \u00e0 l\u2019assembl\u00e9e g\u00e9n\u00e9rale, un ou plusieurs liquidateurs sont nomm\u00e9s par celle-ci et l\u2019actif, s\u2019il y a lieu, est d\u00e9volu conform\u00e9ment \u00e0 l\u2019Article&nbsp;9 de la loi du 1<sup><font size=\"-1\">er<\/font><\/sup>&nbsp;juillet 1901 et le d\u00e9cret du 16&nbsp;ao\u00fbt 1901.<br \/>\n&nbsp;<br \/>\n<strong>Les pr\u00e9sents statuts ont \u00e9t\u00e9 approuv\u00e9s par l\u2019assembl\u00e9e constitutive du 4&nbsp;f\u00e9vrier 2017.<\/strong><br \/>\n&nbsp;<br \/>\n&nbsp;<br \/>\n<font size=\"-1\">[<a href=\"https:\/\/viveleconservatoiredebrest.org\/wp-content\/uploads\/2019\/01\/JOAFE_PDF_Unitaire_20170028_00326.pdf\">T\u00e9l\u00e9charger la publication au Journal officiel de la R\u00e9publique fran\u00e7aise du 15&nbsp;juillet 2017 de la d\u00e9claration de cr\u00e9ation de l\u2019association.<\/a>]<\/font><\/p>\n","protected":false},"excerpt":{"rendered":"<p>Pour t\u00e9l\u00e9charger les statuts au format pdf, cliquez sur le logo de l\u2019association\u2026 &nbsp; STATUTS DE L\u2019ASSOCIATION \u201cVIVE LE CONSERVATOIRE DE BREST&nbsp;!\u201d r\u00e9gie par la loi du 1er&nbsp;juillet 1901 et &hellip; <\/p>\n<p class=\"link-more\"><a href=\"https:\/\/viveleconservatoiredebrest.org\/index.php\/lassociation\/statuts\/\" class=\"more-link\">Continuer la lecture<span class=\"screen-reader-text\"> de &laquo;&nbsp;Statuts&nbsp;&raquo;<\/span><\/a><\/p>\n","protected":false},"author":1,"featured_media":0,"parent":106,"menu_order":0,"comment_status":"closed","ping_status":"closed","template":"","meta":{"footnotes":""},"class_list":["post-126","page","type-page","status-publish","hentry"],"yoast_head":"<!-- This site is optimized with the Yoast SEO plugin v27.5 - https:\/\/yoast.com\/product\/yoast-seo-wordpress\/ -->\n<title>Statuts &#8211; Vive le conservatoire de Brest !<\/title>\n<meta name=\"robots\" content=\"index, follow, max-snippet:-1, max-image-preview:large, max-video-preview:-1\" \/>\n<link rel=\"canonical\" href=\"https:\/\/viveleconservatoiredebrest.org\/index.php\/lassociation\/statuts\/\" \/>\n<meta property=\"og:locale\" content=\"fr_FR\" \/>\n<meta property=\"og:type\" content=\"article\" \/>\n<meta property=\"og:title\" content=\"Statuts &#8211; Vive le conservatoire de Brest !\" \/>\n<meta property=\"og:description\" content=\"Pour t\u00e9l\u00e9charger les statuts au format pdf, cliquez sur le logo de l\u2019association\u2026 &nbsp; STATUTS DE L\u2019ASSOCIATION \u201cVIVE LE CONSERVATOIRE DE BREST&nbsp;!\u201d r\u00e9gie par la loi du 1er&nbsp;juillet 1901 et &hellip; Continuer la lecture de &laquo;&nbsp;Statuts&nbsp;&raquo;\" \/>\n<meta property=\"og:url\" content=\"https:\/\/viveleconservatoiredebrest.org\/index.php\/lassociation\/statuts\/\" \/>\n<meta property=\"og:site_name\" content=\"Vive le conservatoire de Brest !\" \/>\n<meta property=\"article:publisher\" content=\"https:\/\/www.facebook.com\/ViveleConservatoire\/\" \/>\n<meta property=\"article:modified_time\" content=\"2021-01-13T15:34:33+00:00\" \/>\n<meta property=\"og:image\" content=\"http:\/\/viveleconservatoiredebrest.org\/wp-content\/uploads\/2019\/01\/Logo-1b.jpg\" \/>\n<meta name=\"twitter:card\" content=\"summary_large_image\" \/>\n<meta name=\"twitter:label1\" content=\"Dur\u00e9e de lecture estim\u00e9e\" \/>\n\t<meta name=\"twitter:data1\" content=\"7 minutes\" \/>\n<script type=\"application\/ld+json\" class=\"yoast-schema-graph\">{\"@context\":\"https:\\\/\\\/schema.org\",\"@graph\":[{\"@type\":\"WebPage\",\"@id\":\"https:\\\/\\\/viveleconservatoiredebrest.org\\\/index.php\\\/lassociation\\\/statuts\\\/\",\"url\":\"https:\\\/\\\/viveleconservatoiredebrest.org\\\/index.php\\\/lassociation\\\/statuts\\\/\",\"name\":\"Statuts &#8211; Vive le conservatoire de Brest !\",\"isPartOf\":{\"@id\":\"https:\\\/\\\/viveleconservatoiredebrest.org\\\/#website\"},\"primaryImageOfPage\":{\"@id\":\"https:\\\/\\\/viveleconservatoiredebrest.org\\\/index.php\\\/lassociation\\\/statuts\\\/#primaryimage\"},\"image\":{\"@id\":\"https:\\\/\\\/viveleconservatoiredebrest.org\\\/index.php\\\/lassociation\\\/statuts\\\/#primaryimage\"},\"thumbnailUrl\":\"http:\\\/\\\/viveleconservatoiredebrest.org\\\/wp-content\\\/uploads\\\/2019\\\/01\\\/Logo-1b.jpg\",\"datePublished\":\"2019-01-14T19:33:42+00:00\",\"dateModified\":\"2021-01-13T15:34:33+00:00\",\"breadcrumb\":{\"@id\":\"https:\\\/\\\/viveleconservatoiredebrest.org\\\/index.php\\\/lassociation\\\/statuts\\\/#breadcrumb\"},\"inLanguage\":\"fr-FR\",\"potentialAction\":[{\"@type\":\"ReadAction\",\"target\":[\"https:\\\/\\\/viveleconservatoiredebrest.org\\\/index.php\\\/lassociation\\\/statuts\\\/\"]}]},{\"@type\":\"ImageObject\",\"inLanguage\":\"fr-FR\",\"@id\":\"https:\\\/\\\/viveleconservatoiredebrest.org\\\/index.php\\\/lassociation\\\/statuts\\\/#primaryimage\",\"url\":\"https:\\\/\\\/viveleconservatoiredebrest.org\\\/wp-content\\\/uploads\\\/2019\\\/01\\\/Logo-1b.jpg\",\"contentUrl\":\"https:\\\/\\\/viveleconservatoiredebrest.org\\\/wp-content\\\/uploads\\\/2019\\\/01\\\/Logo-1b.jpg\",\"width\":526,\"height\":536},{\"@type\":\"BreadcrumbList\",\"@id\":\"https:\\\/\\\/viveleconservatoiredebrest.org\\\/index.php\\\/lassociation\\\/statuts\\\/#breadcrumb\",\"itemListElement\":[{\"@type\":\"ListItem\",\"position\":1,\"name\":\"Accueil\",\"item\":\"https:\\\/\\\/viveleconservatoiredebrest.org\\\/\"},{\"@type\":\"ListItem\",\"position\":2,\"name\":\"L&rsquo;association\",\"item\":\"https:\\\/\\\/viveleconservatoiredebrest.org\\\/index.php\\\/lassociation\\\/\"},{\"@type\":\"ListItem\",\"position\":3,\"name\":\"Statuts\"}]},{\"@type\":\"WebSite\",\"@id\":\"https:\\\/\\\/viveleconservatoiredebrest.org\\\/#website\",\"url\":\"https:\\\/\\\/viveleconservatoiredebrest.org\\\/\",\"name\":\"Association \u201cVive le conservatoire de Brest\u00a0!\u201d\",\"description\":\"Plateforme de l&#039;association des \u00e9l\u00e8ves, parents d&#039;\u00e9l\u00e8ves et amis du conservatoire \u00e0 rayonnement r\u00e9gional de Brest m\u00e9tropole\",\"publisher\":{\"@id\":\"https:\\\/\\\/viveleconservatoiredebrest.org\\\/#organization\"},\"potentialAction\":[{\"@type\":\"SearchAction\",\"target\":{\"@type\":\"EntryPoint\",\"urlTemplate\":\"https:\\\/\\\/viveleconservatoiredebrest.org\\\/?s={search_term_string}\"},\"query-input\":{\"@type\":\"PropertyValueSpecification\",\"valueRequired\":true,\"valueName\":\"search_term_string\"}}],\"inLanguage\":\"fr-FR\"},{\"@type\":\"Organization\",\"@id\":\"https:\\\/\\\/viveleconservatoiredebrest.org\\\/#organization\",\"name\":\"Association \u201cVive le conservatoire de Brest\u00a0!\u201d\",\"url\":\"https:\\\/\\\/viveleconservatoiredebrest.org\\\/\",\"logo\":{\"@type\":\"ImageObject\",\"inLanguage\":\"fr-FR\",\"@id\":\"https:\\\/\\\/viveleconservatoiredebrest.org\\\/#\\\/schema\\\/logo\\\/image\\\/\",\"url\":\"http:\\\/\\\/viveleconservatoiredebrest.org\\\/wp-content\\\/uploads\\\/2019\\\/01\\\/Logo_icone-1.gif\",\"contentUrl\":\"http:\\\/\\\/viveleconservatoiredebrest.org\\\/wp-content\\\/uploads\\\/2019\\\/01\\\/Logo_icone-1.gif\",\"width\":512,\"height\":856,\"caption\":\"Association \u201cVive le conservatoire de Brest\u00a0!\u201d\"},\"image\":{\"@id\":\"https:\\\/\\\/viveleconservatoiredebrest.org\\\/#\\\/schema\\\/logo\\\/image\\\/\"},\"sameAs\":[\"https:\\\/\\\/www.facebook.com\\\/ViveleConservatoire\\\/\"]}]}<\/script>\n<!-- \/ Yoast SEO plugin. -->","yoast_head_json":{"title":"Statuts &#8211; Vive le conservatoire de Brest !","robots":{"index":"index","follow":"follow","max-snippet":"max-snippet:-1","max-image-preview":"max-image-preview:large","max-video-preview":"max-video-preview:-1"},"canonical":"https:\/\/viveleconservatoiredebrest.org\/index.php\/lassociation\/statuts\/","og_locale":"fr_FR","og_type":"article","og_title":"Statuts &#8211; Vive le conservatoire de Brest !","og_description":"Pour t\u00e9l\u00e9charger les statuts au format pdf, cliquez sur le logo de l\u2019association\u2026 &nbsp; STATUTS DE L\u2019ASSOCIATION \u201cVIVE LE CONSERVATOIRE DE BREST&nbsp;!\u201d r\u00e9gie par la loi du 1er&nbsp;juillet 1901 et &hellip; Continuer la lecture de &laquo;&nbsp;Statuts&nbsp;&raquo;","og_url":"https:\/\/viveleconservatoiredebrest.org\/index.php\/lassociation\/statuts\/","og_site_name":"Vive le conservatoire de Brest !","article_publisher":"https:\/\/www.facebook.com\/ViveleConservatoire\/","article_modified_time":"2021-01-13T15:34:33+00:00","og_image":[{"url":"http:\/\/viveleconservatoiredebrest.org\/wp-content\/uploads\/2019\/01\/Logo-1b.jpg","type":"","width":"","height":""}],"twitter_card":"summary_large_image","twitter_misc":{"Dur\u00e9e de lecture estim\u00e9e":"7 minutes"},"schema":{"@context":"https:\/\/schema.org","@graph":[{"@type":"WebPage","@id":"https:\/\/viveleconservatoiredebrest.org\/index.php\/lassociation\/statuts\/","url":"https:\/\/viveleconservatoiredebrest.org\/index.php\/lassociation\/statuts\/","name":"Statuts &#8211; Vive le conservatoire de Brest !","isPartOf":{"@id":"https:\/\/viveleconservatoiredebrest.org\/#website"},"primaryImageOfPage":{"@id":"https:\/\/viveleconservatoiredebrest.org\/index.php\/lassociation\/statuts\/#primaryimage"},"image":{"@id":"https:\/\/viveleconservatoiredebrest.org\/index.php\/lassociation\/statuts\/#primaryimage"},"thumbnailUrl":"http:\/\/viveleconservatoiredebrest.org\/wp-content\/uploads\/2019\/01\/Logo-1b.jpg","datePublished":"2019-01-14T19:33:42+00:00","dateModified":"2021-01-13T15:34:33+00:00","breadcrumb":{"@id":"https:\/\/viveleconservatoiredebrest.org\/index.php\/lassociation\/statuts\/#breadcrumb"},"inLanguage":"fr-FR","potentialAction":[{"@type":"ReadAction","target":["https:\/\/viveleconservatoiredebrest.org\/index.php\/lassociation\/statuts\/"]}]},{"@type":"ImageObject","inLanguage":"fr-FR","@id":"https:\/\/viveleconservatoiredebrest.org\/index.php\/lassociation\/statuts\/#primaryimage","url":"https:\/\/viveleconservatoiredebrest.org\/wp-content\/uploads\/2019\/01\/Logo-1b.jpg","contentUrl":"https:\/\/viveleconservatoiredebrest.org\/wp-content\/uploads\/2019\/01\/Logo-1b.jpg","width":526,"height":536},{"@type":"BreadcrumbList","@id":"https:\/\/viveleconservatoiredebrest.org\/index.php\/lassociation\/statuts\/#breadcrumb","itemListElement":[{"@type":"ListItem","position":1,"name":"Accueil","item":"https:\/\/viveleconservatoiredebrest.org\/"},{"@type":"ListItem","position":2,"name":"L&rsquo;association","item":"https:\/\/viveleconservatoiredebrest.org\/index.php\/lassociation\/"},{"@type":"ListItem","position":3,"name":"Statuts"}]},{"@type":"WebSite","@id":"https:\/\/viveleconservatoiredebrest.org\/#website","url":"https:\/\/viveleconservatoiredebrest.org\/","name":"Association \u201cVive le conservatoire de Brest\u00a0!\u201d","description":"Plateforme de l&#039;association des \u00e9l\u00e8ves, parents d&#039;\u00e9l\u00e8ves et amis du conservatoire \u00e0 rayonnement r\u00e9gional de Brest m\u00e9tropole","publisher":{"@id":"https:\/\/viveleconservatoiredebrest.org\/#organization"},"potentialAction":[{"@type":"SearchAction","target":{"@type":"EntryPoint","urlTemplate":"https:\/\/viveleconservatoiredebrest.org\/?s={search_term_string}"},"query-input":{"@type":"PropertyValueSpecification","valueRequired":true,"valueName":"search_term_string"}}],"inLanguage":"fr-FR"},{"@type":"Organization","@id":"https:\/\/viveleconservatoiredebrest.org\/#organization","name":"Association \u201cVive le conservatoire de Brest\u00a0!\u201d","url":"https:\/\/viveleconservatoiredebrest.org\/","logo":{"@type":"ImageObject","inLanguage":"fr-FR","@id":"https:\/\/viveleconservatoiredebrest.org\/#\/schema\/logo\/image\/","url":"http:\/\/viveleconservatoiredebrest.org\/wp-content\/uploads\/2019\/01\/Logo_icone-1.gif","contentUrl":"http:\/\/viveleconservatoiredebrest.org\/wp-content\/uploads\/2019\/01\/Logo_icone-1.gif","width":512,"height":856,"caption":"Association \u201cVive le conservatoire de Brest\u00a0!\u201d"},"image":{"@id":"https:\/\/viveleconservatoiredebrest.org\/#\/schema\/logo\/image\/"},"sameAs":["https:\/\/www.facebook.com\/ViveleConservatoire\/"]}]}},"_links":{"self":[{"href":"https:\/\/viveleconservatoiredebrest.org\/index.php\/wp-json\/wp\/v2\/pages\/126","targetHints":{"allow":["GET"]}}],"collection":[{"href":"https:\/\/viveleconservatoiredebrest.org\/index.php\/wp-json\/wp\/v2\/pages"}],"about":[{"href":"https:\/\/viveleconservatoiredebrest.org\/index.php\/wp-json\/wp\/v2\/types\/page"}],"author":[{"embeddable":true,"href":"https:\/\/viveleconservatoiredebrest.org\/index.php\/wp-json\/wp\/v2\/users\/1"}],"replies":[{"embeddable":true,"href":"https:\/\/viveleconservatoiredebrest.org\/index.php\/wp-json\/wp\/v2\/comments?post=126"}],"version-history":[{"count":50,"href":"https:\/\/viveleconservatoiredebrest.org\/index.php\/wp-json\/wp\/v2\/pages\/126\/revisions"}],"predecessor-version":[{"id":684,"href":"https:\/\/viveleconservatoiredebrest.org\/index.php\/wp-json\/wp\/v2\/pages\/126\/revisions\/684"}],"up":[{"embeddable":true,"href":"https:\/\/viveleconservatoiredebrest.org\/index.php\/wp-json\/wp\/v2\/pages\/106"}],"wp:attachment":[{"href":"https:\/\/viveleconservatoiredebrest.org\/index.php\/wp-json\/wp\/v2\/media?parent=126"}],"curies":[{"name":"wp","href":"https:\/\/api.w.org\/{rel}","templated":true}]}}