{"id":134,"date":"2019-01-14T20:35:36","date_gmt":"2019-01-14T19:35:36","guid":{"rendered":"http:\/\/viveleconservatoiredebrest.org\/?page_id=134"},"modified":"2024-01-26T21:40:31","modified_gmt":"2024-01-26T20:40:31","slug":"mentions-legales","status":"publish","type":"page","link":"https:\/\/viveleconservatoiredebrest.org\/index.php\/lassociation\/mentions-legales\/","title":{"rendered":"Mentions l\u00e9gales"},"content":{"rendered":"<p style=\"text-indent: 40px;\">Ce site est g\u00e9r\u00e9 par les membres de l\u2019association r\u00e9gie par la loi du 1<sup><span>er<\/span><\/sup>\u00a0juillet 1901 <strong>\u201cVive le conservatoire de Brest !\u201d<\/strong> regroupant les \u00e9l\u00e8ves, parents d\u2019\u00e9l\u00e8ves et amis du conservatoire \u00e0 rayonnement r\u00e9gional de musique, danse et art dramatique de Brest m\u00e9tropole.<\/p>\n<p style=\"text-indent: 40px;\">Malgr\u00e9 toutes les pr\u00e9cautions prises, les informations donn\u00e9es sur ce site le sont sous r\u00e9serve de modifications qui ne nous auraient pas \u00e9t\u00e9 communiqu\u00e9es : veillez toujours \u00e0 v\u00e9rifier en cliquant sur les liens renvoyant vers les sources.<\/p>\n<p style=\"text-indent: 40px;\">Aucune donn\u00e9e personnelle n&rsquo;est transmise par l\u2019association \u201cVive le conservatoire de Brest\u00a0!\u201d \u00e0 des tiers. Les donn\u00e9es inscrites par l&rsquo;utilisateur sur son compte ne servent qu&rsquo;\u00e0 la gestion du site.<\/p>\n<p style=\"text-indent: 40px;\">Les informations de fr\u00e9quentation du site sont anonymis\u00e9es, h\u00e9berg\u00e9es et trait\u00e9es sans interm\u00e9diaire et ne servent qu&rsquo;\u00e0 b\u00e2tir des statistiques g\u00e9n\u00e9rales.<\/p>\n<p style=\"text-indent: 40px;\">Attention toutefois\u00a0: il peut arriver qu\u2019une page comporte une fen\u00eatre vers un site tiers pour donner \u00e0 voir une vid\u00e9o ou une carte par exemple. Dans ce cas de figure, les donn\u00e9es du visiteur peuvent \u00eatre capt\u00e9es par ces sites (<i>Google<\/i>, <i>Youtube<\/i>, etc.).<\/p>\n<p>\u00a9 2019 \u2014 Tous droits r\u00e9serv\u00e9s.<\/p>\n<p><strong>Cr\u00e9dits illustrations :<\/strong><\/p>\n<ul>\n<li>logos de l\u2019association : Eddy M<span>ARIE<\/span>-C<span>OUST\u00c9<\/span><\/li>\n<li>J. S. B<span>ACH<\/span> par Elias Gottlob H<span>AUSSMANN \u2014 <a href=\"http:\/\/www.jsbach.net\/bass\/elements\/bach-hausmann.jpg\" target=\"_blank\" rel=\"noopener\">http:\/\/www.jsbach.net\/bass\/elements\/bach-hausmann.jpg<\/a>, Domaine public, <a href=\"https:\/\/commons.wikimedia.org\/w\/index.php?curid=1270015\" target=\"_blank\" rel=\"noopener\">https:\/\/commons.wikimedia.org\/w\/index.php?curid=1270015<\/a><\/span><\/li>\n<li>M<span>OLI\u00c8RE<\/span> par Nicolas M<span>IGNARD \u2014 <a href=\"http:\/\/www.lessing-photo.com\/dispimg.asp?i=26030249+&amp;cr=3&amp;cl=1\" target=\"_blank\" rel=\"noopener\">http:\/\/www.lessing-photo.com\/dispimg.asp?i=26030249+&amp;cr=3&amp;cl=1<\/a>, Domaine public, <a href=\"https:\/\/commons.wikimedia.org\/w\/index.php?curid=631410\" target=\"_blank\" rel=\"noopener\">https:\/\/commons.wikimedia.org\/w\/index.php?curid=631410<\/a><\/span><\/li>\n<li><i>Sc\u00e8ne de ballet<\/i> (vers 1904-1906) par Edgar D<span>EGAS \u2014 The Yorck Project (2002) 10.000 Meisterwerke der Malerei (DVD-ROM), distribu\u00e9 par DIRECTMEDIA Publishing GmbH. ISBN: 3936122202., Domaine public, <a href=\"https:\/\/commons.wikimedia.org\/w\/index.php?curid=150043\" target=\"_blank\" rel=\"noopener\">https:\/\/commons.wikimedia.org\/w\/index.php?curid=150043<\/a><\/span><\/li>\n<li><i>Danse bretonne<\/i> (1890) par Paul S<span>\u00c9RUSIER \u2014 S\u00e9rusier et la Bretagne ISBN\u00a0978-2-903708-56-6, Domaine public, <a href=\"https:\/\/commons.wikimedia.org\/w\/index.php?curid=9092806\" target=\"_blank\" rel=\"noopener\">https:\/\/commons.wikimedia.org\/w\/index.php?curid=9092806<\/a><\/span><\/li>\n<\/ul>\n","protected":false},"excerpt":{"rendered":"<p>Ce site est g\u00e9r\u00e9 par les membres de l\u2019association r\u00e9gie par la loi du 1er\u00a0juillet 1901 \u201cVive le conservatoire de Brest !\u201d regroupant les \u00e9l\u00e8ves, parents d\u2019\u00e9l\u00e8ves et amis du &hellip; <\/p>\n<p class=\"link-more\"><a href=\"https:\/\/viveleconservatoiredebrest.org\/index.php\/lassociation\/mentions-legales\/\" class=\"more-link\">Continuer la lecture<span class=\"screen-reader-text\"> de &laquo;&nbsp;Mentions l\u00e9gales&nbsp;&raquo;<\/span><\/a><\/p>\n","protected":false},"author":1,"featured_media":0,"parent":106,"menu_order":0,"comment_status":"closed","ping_status":"closed","template":"","meta":{"footnotes":""},"class_list":["post-134","page","type-page","status-publish","hentry"],"yoast_head":"<!-- This site is optimized with the Yoast SEO plugin v27.4 - https:\/\/yoast.com\/product\/yoast-seo-wordpress\/ -->\n<title>Mentions l\u00e9gales &#8211; Vive le conservatoire de Brest !<\/title>\n<meta name=\"robots\" content=\"index, follow, max-snippet:-1, max-image-preview:large, max-video-preview:-1\" \/>\n<link rel=\"canonical\" href=\"https:\/\/viveleconservatoiredebrest.org\/index.php\/lassociation\/mentions-legales\/\" \/>\n<meta property=\"og:locale\" content=\"fr_FR\" \/>\n<meta property=\"og:type\" content=\"article\" \/>\n<meta property=\"og:title\" content=\"Mentions l\u00e9gales &#8211; Vive le conservatoire de Brest !\" \/>\n<meta property=\"og:description\" content=\"Ce site est g\u00e9r\u00e9 par les membres de l\u2019association r\u00e9gie par la loi du 1er\u00a0juillet 1901 \u201cVive le conservatoire de Brest !\u201d regroupant les \u00e9l\u00e8ves, parents d\u2019\u00e9l\u00e8ves et amis du &hellip; Continuer la lecture de &laquo;&nbsp;Mentions l\u00e9gales&nbsp;&raquo;\" \/>\n<meta property=\"og:url\" content=\"https:\/\/viveleconservatoiredebrest.org\/index.php\/lassociation\/mentions-legales\/\" \/>\n<meta property=\"og:site_name\" content=\"Vive le conservatoire de Brest !\" \/>\n<meta property=\"article:publisher\" content=\"https:\/\/www.facebook.com\/ViveleConservatoire\/\" \/>\n<meta property=\"article:modified_time\" content=\"2024-01-26T20:40:31+00:00\" \/>\n<meta name=\"twitter:card\" content=\"summary_large_image\" \/>\n<meta name=\"twitter:label1\" content=\"Dur\u00e9e de lecture estim\u00e9e\" \/>\n\t<meta name=\"twitter:data1\" content=\"2 minutes\" \/>\n<script type=\"application\/ld+json\" class=\"yoast-schema-graph\">{\"@context\":\"https:\\\/\\\/schema.org\",\"@graph\":[{\"@type\":\"WebPage\",\"@id\":\"https:\\\/\\\/viveleconservatoiredebrest.org\\\/index.php\\\/lassociation\\\/mentions-legales\\\/\",\"url\":\"https:\\\/\\\/viveleconservatoiredebrest.org\\\/index.php\\\/lassociation\\\/mentions-legales\\\/\",\"name\":\"Mentions l\u00e9gales &#8211; Vive le conservatoire de Brest !\",\"isPartOf\":{\"@id\":\"https:\\\/\\\/viveleconservatoiredebrest.org\\\/#website\"},\"datePublished\":\"2019-01-14T19:35:36+00:00\",\"dateModified\":\"2024-01-26T20:40:31+00:00\",\"breadcrumb\":{\"@id\":\"https:\\\/\\\/viveleconservatoiredebrest.org\\\/index.php\\\/lassociation\\\/mentions-legales\\\/#breadcrumb\"},\"inLanguage\":\"fr-FR\",\"potentialAction\":[{\"@type\":\"ReadAction\",\"target\":[\"https:\\\/\\\/viveleconservatoiredebrest.org\\\/index.php\\\/lassociation\\\/mentions-legales\\\/\"]}]},{\"@type\":\"BreadcrumbList\",\"@id\":\"https:\\\/\\\/viveleconservatoiredebrest.org\\\/index.php\\\/lassociation\\\/mentions-legales\\\/#breadcrumb\",\"itemListElement\":[{\"@type\":\"ListItem\",\"position\":1,\"name\":\"Accueil\",\"item\":\"https:\\\/\\\/viveleconservatoiredebrest.org\\\/\"},{\"@type\":\"ListItem\",\"position\":2,\"name\":\"L&rsquo;association\",\"item\":\"https:\\\/\\\/viveleconservatoiredebrest.org\\\/index.php\\\/lassociation\\\/\"},{\"@type\":\"ListItem\",\"position\":3,\"name\":\"Mentions l\u00e9gales\"}]},{\"@type\":\"WebSite\",\"@id\":\"https:\\\/\\\/viveleconservatoiredebrest.org\\\/#website\",\"url\":\"https:\\\/\\\/viveleconservatoiredebrest.org\\\/\",\"name\":\"Association \u201cVive le conservatoire de Brest\u00a0!\u201d\",\"description\":\"Plateforme de l&#039;association des \u00e9l\u00e8ves, parents d&#039;\u00e9l\u00e8ves et amis du conservatoire \u00e0 rayonnement r\u00e9gional de Brest m\u00e9tropole\",\"publisher\":{\"@id\":\"https:\\\/\\\/viveleconservatoiredebrest.org\\\/#organization\"},\"potentialAction\":[{\"@type\":\"SearchAction\",\"target\":{\"@type\":\"EntryPoint\",\"urlTemplate\":\"https:\\\/\\\/viveleconservatoiredebrest.org\\\/?s={search_term_string}\"},\"query-input\":{\"@type\":\"PropertyValueSpecification\",\"valueRequired\":true,\"valueName\":\"search_term_string\"}}],\"inLanguage\":\"fr-FR\"},{\"@type\":\"Organization\",\"@id\":\"https:\\\/\\\/viveleconservatoiredebrest.org\\\/#organization\",\"name\":\"Association \u201cVive le conservatoire de Brest\u00a0!\u201d\",\"url\":\"https:\\\/\\\/viveleconservatoiredebrest.org\\\/\",\"logo\":{\"@type\":\"ImageObject\",\"inLanguage\":\"fr-FR\",\"@id\":\"https:\\\/\\\/viveleconservatoiredebrest.org\\\/#\\\/schema\\\/logo\\\/image\\\/\",\"url\":\"http:\\\/\\\/viveleconservatoiredebrest.org\\\/wp-content\\\/uploads\\\/2019\\\/01\\\/Logo_icone-1.gif\",\"contentUrl\":\"http:\\\/\\\/viveleconservatoiredebrest.org\\\/wp-content\\\/uploads\\\/2019\\\/01\\\/Logo_icone-1.gif\",\"width\":512,\"height\":856,\"caption\":\"Association \u201cVive le conservatoire de Brest\u00a0!\u201d\"},\"image\":{\"@id\":\"https:\\\/\\\/viveleconservatoiredebrest.org\\\/#\\\/schema\\\/logo\\\/image\\\/\"},\"sameAs\":[\"https:\\\/\\\/www.facebook.com\\\/ViveleConservatoire\\\/\"]}]}<\/script>\n<!-- \/ Yoast SEO plugin. -->","yoast_head_json":{"title":"Mentions l\u00e9gales &#8211; Vive le conservatoire de Brest !","robots":{"index":"index","follow":"follow","max-snippet":"max-snippet:-1","max-image-preview":"max-image-preview:large","max-video-preview":"max-video-preview:-1"},"canonical":"https:\/\/viveleconservatoiredebrest.org\/index.php\/lassociation\/mentions-legales\/","og_locale":"fr_FR","og_type":"article","og_title":"Mentions l\u00e9gales &#8211; Vive le conservatoire de Brest !","og_description":"Ce site est g\u00e9r\u00e9 par les membres de l\u2019association r\u00e9gie par la loi du 1er\u00a0juillet 1901 \u201cVive le conservatoire de Brest !\u201d regroupant les \u00e9l\u00e8ves, parents d\u2019\u00e9l\u00e8ves et amis du &hellip; Continuer la lecture de &laquo;&nbsp;Mentions l\u00e9gales&nbsp;&raquo;","og_url":"https:\/\/viveleconservatoiredebrest.org\/index.php\/lassociation\/mentions-legales\/","og_site_name":"Vive le conservatoire de Brest !","article_publisher":"https:\/\/www.facebook.com\/ViveleConservatoire\/","article_modified_time":"2024-01-26T20:40:31+00:00","twitter_card":"summary_large_image","twitter_misc":{"Dur\u00e9e de lecture estim\u00e9e":"2 minutes"},"schema":{"@context":"https:\/\/schema.org","@graph":[{"@type":"WebPage","@id":"https:\/\/viveleconservatoiredebrest.org\/index.php\/lassociation\/mentions-legales\/","url":"https:\/\/viveleconservatoiredebrest.org\/index.php\/lassociation\/mentions-legales\/","name":"Mentions l\u00e9gales &#8211; Vive le conservatoire de Brest !","isPartOf":{"@id":"https:\/\/viveleconservatoiredebrest.org\/#website"},"datePublished":"2019-01-14T19:35:36+00:00","dateModified":"2024-01-26T20:40:31+00:00","breadcrumb":{"@id":"https:\/\/viveleconservatoiredebrest.org\/index.php\/lassociation\/mentions-legales\/#breadcrumb"},"inLanguage":"fr-FR","potentialAction":[{"@type":"ReadAction","target":["https:\/\/viveleconservatoiredebrest.org\/index.php\/lassociation\/mentions-legales\/"]}]},{"@type":"BreadcrumbList","@id":"https:\/\/viveleconservatoiredebrest.org\/index.php\/lassociation\/mentions-legales\/#breadcrumb","itemListElement":[{"@type":"ListItem","position":1,"name":"Accueil","item":"https:\/\/viveleconservatoiredebrest.org\/"},{"@type":"ListItem","position":2,"name":"L&rsquo;association","item":"https:\/\/viveleconservatoiredebrest.org\/index.php\/lassociation\/"},{"@type":"ListItem","position":3,"name":"Mentions l\u00e9gales"}]},{"@type":"WebSite","@id":"https:\/\/viveleconservatoiredebrest.org\/#website","url":"https:\/\/viveleconservatoiredebrest.org\/","name":"Association \u201cVive le conservatoire de Brest\u00a0!\u201d","description":"Plateforme de l&#039;association des \u00e9l\u00e8ves, parents d&#039;\u00e9l\u00e8ves et amis du conservatoire \u00e0 rayonnement r\u00e9gional de Brest m\u00e9tropole","publisher":{"@id":"https:\/\/viveleconservatoiredebrest.org\/#organization"},"potentialAction":[{"@type":"SearchAction","target":{"@type":"EntryPoint","urlTemplate":"https:\/\/viveleconservatoiredebrest.org\/?s={search_term_string}"},"query-input":{"@type":"PropertyValueSpecification","valueRequired":true,"valueName":"search_term_string"}}],"inLanguage":"fr-FR"},{"@type":"Organization","@id":"https:\/\/viveleconservatoiredebrest.org\/#organization","name":"Association \u201cVive le conservatoire de Brest\u00a0!\u201d","url":"https:\/\/viveleconservatoiredebrest.org\/","logo":{"@type":"ImageObject","inLanguage":"fr-FR","@id":"https:\/\/viveleconservatoiredebrest.org\/#\/schema\/logo\/image\/","url":"http:\/\/viveleconservatoiredebrest.org\/wp-content\/uploads\/2019\/01\/Logo_icone-1.gif","contentUrl":"http:\/\/viveleconservatoiredebrest.org\/wp-content\/uploads\/2019\/01\/Logo_icone-1.gif","width":512,"height":856,"caption":"Association \u201cVive le conservatoire de Brest\u00a0!\u201d"},"image":{"@id":"https:\/\/viveleconservatoiredebrest.org\/#\/schema\/logo\/image\/"},"sameAs":["https:\/\/www.facebook.com\/ViveleConservatoire\/"]}]}},"_links":{"self":[{"href":"https:\/\/viveleconservatoiredebrest.org\/index.php\/wp-json\/wp\/v2\/pages\/134","targetHints":{"allow":["GET"]}}],"collection":[{"href":"https:\/\/viveleconservatoiredebrest.org\/index.php\/wp-json\/wp\/v2\/pages"}],"about":[{"href":"https:\/\/viveleconservatoiredebrest.org\/index.php\/wp-json\/wp\/v2\/types\/page"}],"author":[{"embeddable":true,"href":"https:\/\/viveleconservatoiredebrest.org\/index.php\/wp-json\/wp\/v2\/users\/1"}],"replies":[{"embeddable":true,"href":"https:\/\/viveleconservatoiredebrest.org\/index.php\/wp-json\/wp\/v2\/comments?post=134"}],"version-history":[{"count":15,"href":"https:\/\/viveleconservatoiredebrest.org\/index.php\/wp-json\/wp\/v2\/pages\/134\/revisions"}],"predecessor-version":[{"id":1100,"href":"https:\/\/viveleconservatoiredebrest.org\/index.php\/wp-json\/wp\/v2\/pages\/134\/revisions\/1100"}],"up":[{"embeddable":true,"href":"https:\/\/viveleconservatoiredebrest.org\/index.php\/wp-json\/wp\/v2\/pages\/106"}],"wp:attachment":[{"href":"https:\/\/viveleconservatoiredebrest.org\/index.php\/wp-json\/wp\/v2\/media?parent=134"}],"curies":[{"name":"wp","href":"https:\/\/api.w.org\/{rel}","templated":true}]}}