{"id":148,"date":"2019-01-14T20:38:19","date_gmt":"2019-01-14T19:38:19","guid":{"rendered":"http:\/\/viveleconservatoiredebrest.org\/?page_id=148"},"modified":"2021-01-13T16:31:50","modified_gmt":"2021-01-13T15:31:50","slug":"bourses-danse","status":"publish","type":"page","link":"https:\/\/viveleconservatoiredebrest.org\/index.php\/bourses\/bourses-danse\/","title":{"rendered":"Bourses&nbsp;: danse"},"content":{"rendered":"<p>L\u2019association a pour projet d\u2019organiser r\u00e9guli\u00e8rement des bourses permettant aux danseuses et danseurs de vendre, \u00e9changer ou donner leur \u00e9quipement, mais aussi de mettre en place du covoiturage pour se rendre \u00e0 des cours ou des spectacles.<br \/>\nPour l\u2019instant, nous vous proposons de d\u00e9poser ici vos petites annonces (vente, \u00e9change, don ou, au contraire, recherche) en remplissant le formulaire. Nous mettrons gracieusement en relation ceux qui proposent et les acqu\u00e9reurs potentiels.<\/p>\n","protected":false},"excerpt":{"rendered":"<p>L\u2019association a pour projet d\u2019organiser r\u00e9guli\u00e8rement des bourses permettant aux danseuses et danseurs de vendre, \u00e9changer ou donner leur \u00e9quipement, mais aussi de mettre en place du covoiturage pour se &hellip; <\/p>\n<p class=\"link-more\"><a href=\"https:\/\/viveleconservatoiredebrest.org\/index.php\/bourses\/bourses-danse\/\" class=\"more-link\">Continuer la lecture<span class=\"screen-reader-text\"> de &laquo;&nbsp;Bourses&nbsp;: danse&nbsp;&raquo;<\/span><\/a><\/p>\n","protected":false},"author":1,"featured_media":0,"parent":112,"menu_order":0,"comment_status":"closed","ping_status":"closed","template":"","meta":{"footnotes":""},"class_list":["post-148","page","type-page","status-publish","hentry"],"yoast_head":"<!-- This site is optimized with the Yoast SEO plugin v27.4 - https:\/\/yoast.com\/product\/yoast-seo-wordpress\/ -->\n<title>Bourses&nbsp;: danse &#8211; Vive le conservatoire de Brest !<\/title>\n<meta name=\"robots\" content=\"index, follow, max-snippet:-1, max-image-preview:large, max-video-preview:-1\" \/>\n<link rel=\"canonical\" href=\"https:\/\/viveleconservatoiredebrest.org\/index.php\/bourses\/bourses-danse\/\" \/>\n<meta property=\"og:locale\" content=\"fr_FR\" \/>\n<meta property=\"og:type\" content=\"article\" \/>\n<meta property=\"og:title\" content=\"Bourses&nbsp;: danse &#8211; Vive le conservatoire de Brest !\" \/>\n<meta property=\"og:description\" content=\"L\u2019association a pour projet d\u2019organiser r\u00e9guli\u00e8rement des bourses permettant aux danseuses et danseurs de vendre, \u00e9changer ou donner leur \u00e9quipement, mais aussi de mettre en place du covoiturage pour se &hellip; Continuer la lecture de &laquo;&nbsp;Bourses&nbsp;: danse&nbsp;&raquo;\" \/>\n<meta property=\"og:url\" content=\"https:\/\/viveleconservatoiredebrest.org\/index.php\/bourses\/bourses-danse\/\" \/>\n<meta property=\"og:site_name\" content=\"Vive le conservatoire de Brest !\" \/>\n<meta property=\"article:publisher\" content=\"https:\/\/www.facebook.com\/ViveleConservatoire\/\" \/>\n<meta property=\"article:modified_time\" content=\"2021-01-13T15:31:50+00:00\" \/>\n<meta name=\"twitter:card\" content=\"summary_large_image\" \/>\n<script type=\"application\/ld+json\" class=\"yoast-schema-graph\">{\"@context\":\"https:\\\/\\\/schema.org\",\"@graph\":[{\"@type\":\"WebPage\",\"@id\":\"https:\\\/\\\/viveleconservatoiredebrest.org\\\/index.php\\\/bourses\\\/bourses-danse\\\/\",\"url\":\"https:\\\/\\\/viveleconservatoiredebrest.org\\\/index.php\\\/bourses\\\/bourses-danse\\\/\",\"name\":\"Bourses&nbsp;: danse &#8211; Vive le conservatoire de Brest !\",\"isPartOf\":{\"@id\":\"https:\\\/\\\/viveleconservatoiredebrest.org\\\/#website\"},\"datePublished\":\"2019-01-14T19:38:19+00:00\",\"dateModified\":\"2021-01-13T15:31:50+00:00\",\"breadcrumb\":{\"@id\":\"https:\\\/\\\/viveleconservatoiredebrest.org\\\/index.php\\\/bourses\\\/bourses-danse\\\/#breadcrumb\"},\"inLanguage\":\"fr-FR\",\"potentialAction\":[{\"@type\":\"ReadAction\",\"target\":[\"https:\\\/\\\/viveleconservatoiredebrest.org\\\/index.php\\\/bourses\\\/bourses-danse\\\/\"]}]},{\"@type\":\"BreadcrumbList\",\"@id\":\"https:\\\/\\\/viveleconservatoiredebrest.org\\\/index.php\\\/bourses\\\/bourses-danse\\\/#breadcrumb\",\"itemListElement\":[{\"@type\":\"ListItem\",\"position\":1,\"name\":\"Accueil\",\"item\":\"https:\\\/\\\/viveleconservatoiredebrest.org\\\/\"},{\"@type\":\"ListItem\",\"position\":2,\"name\":\"Bourses\",\"item\":\"https:\\\/\\\/viveleconservatoiredebrest.org\\\/index.php\\\/bourses\\\/\"},{\"@type\":\"ListItem\",\"position\":3,\"name\":\"Bourses&nbsp;: danse\"}]},{\"@type\":\"WebSite\",\"@id\":\"https:\\\/\\\/viveleconservatoiredebrest.org\\\/#website\",\"url\":\"https:\\\/\\\/viveleconservatoiredebrest.org\\\/\",\"name\":\"Association \u201cVive le conservatoire de Brest\u00a0!\u201d\",\"description\":\"Plateforme de l&#039;association des \u00e9l\u00e8ves, parents d&#039;\u00e9l\u00e8ves et amis du conservatoire \u00e0 rayonnement r\u00e9gional de Brest m\u00e9tropole\",\"publisher\":{\"@id\":\"https:\\\/\\\/viveleconservatoiredebrest.org\\\/#organization\"},\"potentialAction\":[{\"@type\":\"SearchAction\",\"target\":{\"@type\":\"EntryPoint\",\"urlTemplate\":\"https:\\\/\\\/viveleconservatoiredebrest.org\\\/?s={search_term_string}\"},\"query-input\":{\"@type\":\"PropertyValueSpecification\",\"valueRequired\":true,\"valueName\":\"search_term_string\"}}],\"inLanguage\":\"fr-FR\"},{\"@type\":\"Organization\",\"@id\":\"https:\\\/\\\/viveleconservatoiredebrest.org\\\/#organization\",\"name\":\"Association \u201cVive le conservatoire de Brest\u00a0!\u201d\",\"url\":\"https:\\\/\\\/viveleconservatoiredebrest.org\\\/\",\"logo\":{\"@type\":\"ImageObject\",\"inLanguage\":\"fr-FR\",\"@id\":\"https:\\\/\\\/viveleconservatoiredebrest.org\\\/#\\\/schema\\\/logo\\\/image\\\/\",\"url\":\"http:\\\/\\\/viveleconservatoiredebrest.org\\\/wp-content\\\/uploads\\\/2019\\\/01\\\/Logo_icone-1.gif\",\"contentUrl\":\"http:\\\/\\\/viveleconservatoiredebrest.org\\\/wp-content\\\/uploads\\\/2019\\\/01\\\/Logo_icone-1.gif\",\"width\":512,\"height\":856,\"caption\":\"Association \u201cVive le conservatoire de Brest\u00a0!\u201d\"},\"image\":{\"@id\":\"https:\\\/\\\/viveleconservatoiredebrest.org\\\/#\\\/schema\\\/logo\\\/image\\\/\"},\"sameAs\":[\"https:\\\/\\\/www.facebook.com\\\/ViveleConservatoire\\\/\"]}]}<\/script>\n<!-- \/ Yoast SEO plugin. -->","yoast_head_json":{"title":"Bourses&nbsp;: danse &#8211; Vive le conservatoire de Brest !","robots":{"index":"index","follow":"follow","max-snippet":"max-snippet:-1","max-image-preview":"max-image-preview:large","max-video-preview":"max-video-preview:-1"},"canonical":"https:\/\/viveleconservatoiredebrest.org\/index.php\/bourses\/bourses-danse\/","og_locale":"fr_FR","og_type":"article","og_title":"Bourses&nbsp;: danse &#8211; Vive le conservatoire de Brest !","og_description":"L\u2019association a pour projet d\u2019organiser r\u00e9guli\u00e8rement des bourses permettant aux danseuses et danseurs de vendre, \u00e9changer ou donner leur \u00e9quipement, mais aussi de mettre en place du covoiturage pour se &hellip; Continuer la lecture de &laquo;&nbsp;Bourses&nbsp;: danse&nbsp;&raquo;","og_url":"https:\/\/viveleconservatoiredebrest.org\/index.php\/bourses\/bourses-danse\/","og_site_name":"Vive le conservatoire de Brest !","article_publisher":"https:\/\/www.facebook.com\/ViveleConservatoire\/","article_modified_time":"2021-01-13T15:31:50+00:00","twitter_card":"summary_large_image","schema":{"@context":"https:\/\/schema.org","@graph":[{"@type":"WebPage","@id":"https:\/\/viveleconservatoiredebrest.org\/index.php\/bourses\/bourses-danse\/","url":"https:\/\/viveleconservatoiredebrest.org\/index.php\/bourses\/bourses-danse\/","name":"Bourses&nbsp;: danse &#8211; Vive le conservatoire de Brest !","isPartOf":{"@id":"https:\/\/viveleconservatoiredebrest.org\/#website"},"datePublished":"2019-01-14T19:38:19+00:00","dateModified":"2021-01-13T15:31:50+00:00","breadcrumb":{"@id":"https:\/\/viveleconservatoiredebrest.org\/index.php\/bourses\/bourses-danse\/#breadcrumb"},"inLanguage":"fr-FR","potentialAction":[{"@type":"ReadAction","target":["https:\/\/viveleconservatoiredebrest.org\/index.php\/bourses\/bourses-danse\/"]}]},{"@type":"BreadcrumbList","@id":"https:\/\/viveleconservatoiredebrest.org\/index.php\/bourses\/bourses-danse\/#breadcrumb","itemListElement":[{"@type":"ListItem","position":1,"name":"Accueil","item":"https:\/\/viveleconservatoiredebrest.org\/"},{"@type":"ListItem","position":2,"name":"Bourses","item":"https:\/\/viveleconservatoiredebrest.org\/index.php\/bourses\/"},{"@type":"ListItem","position":3,"name":"Bourses&nbsp;: danse"}]},{"@type":"WebSite","@id":"https:\/\/viveleconservatoiredebrest.org\/#website","url":"https:\/\/viveleconservatoiredebrest.org\/","name":"Association \u201cVive le conservatoire de Brest\u00a0!\u201d","description":"Plateforme de l&#039;association des \u00e9l\u00e8ves, parents d&#039;\u00e9l\u00e8ves et amis du conservatoire \u00e0 rayonnement r\u00e9gional de Brest m\u00e9tropole","publisher":{"@id":"https:\/\/viveleconservatoiredebrest.org\/#organization"},"potentialAction":[{"@type":"SearchAction","target":{"@type":"EntryPoint","urlTemplate":"https:\/\/viveleconservatoiredebrest.org\/?s={search_term_string}"},"query-input":{"@type":"PropertyValueSpecification","valueRequired":true,"valueName":"search_term_string"}}],"inLanguage":"fr-FR"},{"@type":"Organization","@id":"https:\/\/viveleconservatoiredebrest.org\/#organization","name":"Association \u201cVive le conservatoire de Brest\u00a0!\u201d","url":"https:\/\/viveleconservatoiredebrest.org\/","logo":{"@type":"ImageObject","inLanguage":"fr-FR","@id":"https:\/\/viveleconservatoiredebrest.org\/#\/schema\/logo\/image\/","url":"http:\/\/viveleconservatoiredebrest.org\/wp-content\/uploads\/2019\/01\/Logo_icone-1.gif","contentUrl":"http:\/\/viveleconservatoiredebrest.org\/wp-content\/uploads\/2019\/01\/Logo_icone-1.gif","width":512,"height":856,"caption":"Association \u201cVive le conservatoire de Brest\u00a0!\u201d"},"image":{"@id":"https:\/\/viveleconservatoiredebrest.org\/#\/schema\/logo\/image\/"},"sameAs":["https:\/\/www.facebook.com\/ViveleConservatoire\/"]}]}},"_links":{"self":[{"href":"https:\/\/viveleconservatoiredebrest.org\/index.php\/wp-json\/wp\/v2\/pages\/148","targetHints":{"allow":["GET"]}}],"collection":[{"href":"https:\/\/viveleconservatoiredebrest.org\/index.php\/wp-json\/wp\/v2\/pages"}],"about":[{"href":"https:\/\/viveleconservatoiredebrest.org\/index.php\/wp-json\/wp\/v2\/types\/page"}],"author":[{"embeddable":true,"href":"https:\/\/viveleconservatoiredebrest.org\/index.php\/wp-json\/wp\/v2\/users\/1"}],"replies":[{"embeddable":true,"href":"https:\/\/viveleconservatoiredebrest.org\/index.php\/wp-json\/wp\/v2\/comments?post=148"}],"version-history":[{"count":3,"href":"https:\/\/viveleconservatoiredebrest.org\/index.php\/wp-json\/wp\/v2\/pages\/148\/revisions"}],"predecessor-version":[{"id":555,"href":"https:\/\/viveleconservatoiredebrest.org\/index.php\/wp-json\/wp\/v2\/pages\/148\/revisions\/555"}],"up":[{"embeddable":true,"href":"https:\/\/viveleconservatoiredebrest.org\/index.php\/wp-json\/wp\/v2\/pages\/112"}],"wp:attachment":[{"href":"https:\/\/viveleconservatoiredebrest.org\/index.php\/wp-json\/wp\/v2\/media?parent=148"}],"curies":[{"name":"wp","href":"https:\/\/api.w.org\/{rel}","templated":true}]}}