{"id":532,"date":"2019-01-14T23:09:37","date_gmt":"2019-01-14T22:09:37","guid":{"rendered":"http:\/\/viveleconservatoiredebrest.org\/?page_id=532"},"modified":"2024-10-24T10:35:42","modified_gmt":"2024-10-24T08:35:42","slug":"ressources-musique","status":"publish","type":"page","link":"https:\/\/viveleconservatoiredebrest.org\/index.php\/ressources\/ressources-musique\/","title":{"rendered":"Ressources&nbsp;: musique"},"content":{"rendered":"<p>Vous avez d\u00e9couvert un ouvrage, un site qui vous a apport\u00e9 des connaissances que vous recherchiez depuis longtemps (ou que vous n\u2019arriviez pas \u00e0 comprendre avant de le rencontrer)\u00a0?<br \/>\nVous avez r\u00e9dig\u00e9 ou r\u00e9alis\u00e9 un outil dont vous pensez qu\u2019il pourrait \u00eatre utile \u00e0 d\u2019autres\u00a0?<br \/>\nCette page est pr\u00eate \u00e0 accueillir vos r\u00e9f\u00e9rences ou vos travaux.<\/p>\n<p>Pour l\u2019instant, voici quelques adresses utiles\u00a0:<\/p>\n<ul>\n<li><a href=\"https:\/\/musescore.org\" target=\"_blank\" rel=\"noopener noreferrer\"><img loading=\"lazy\" decoding=\"async\" src=\"https:\/\/viveleconservatoiredebrest.org\/wp-content\/uploads\/2019\/01\/MuseScore.gif\" alt=\"\" width=\"25\" height=\"25\" align=\"middle\" \/>\u00a0<strong>MuseScore<\/strong><\/a>, un logiciel d\u2019<strong>\u00e9dition dm\u00e9diath\u00e8que du conservatoiree partitions<\/strong> tr\u00e8s puissant, gratuit, ouvert et multiplateforme [<a href=\"https:\/\/musescore.org\" target=\"_blank\" rel=\"noopener noreferrer\">https:\/\/musescore.org<\/a>]<\/li>\n<li><a href=\"https:\/\/imslp.org\/wiki\/Accueil\" target=\"_blank\" rel=\"noopener noreferrer\"><img decoding=\"async\" src=\"https:\/\/viveleconservatoiredebrest.org\/wp-content\/uploads\/2019\/01\/IMSLP.gif\" alt=\"\" width=\"55,48\" height=\"30\" align=\"middle\" \/>\u00a0<strong>IMSLP <i>(International Music Score Library Project)<\/i><\/strong><\/a>, aussi appel\u00e9e <a href=\"https:\/\/imslp.org\/wiki\/Accueil\" target=\"_blank\" rel=\"noopener noreferrer\"><strong><i>librairie musicale Petrucci<\/i><\/strong><\/a>, la m\u00e9diath\u00e8que virtm\u00e9diath\u00e8que du conservatoireuelle en ligne comportant 140\u00a0000\u00a0\u0153uvres de 17\u00a0000\u00a0compositeurs, pour un grm\u00e9diath\u00e8que du conservatoireand nombre dans le domaine public (donc t\u00e9l\u00e9chargeables gratuitement et l\u00e9galement. Attention cependant car IMSLP est h\u00e9berg\u00e9 au Canada, pays o\u00f9 le droit d\u2019auteur est plus court (50\u00a0ans) qu\u2019en France (70\u00a0ans, les ann\u00e9es de guerre comptant double)\u00a0: lisez attentivement les conditions car elles varient suivant les \u0153uvres, les auteurs\u2026) [<a href=\"https:\/\/imslp.org\/wiki\/Accueil\" target=\"_blank\" rel=\"noopener noreferrer\">https:\/\/imslp.org\/wiki\/Accueil<\/a>]<\/li>\n<li><a href=\"https:\/\/www.lieder.net\/lieder\/index.html\"><strong>lieder.net<\/strong><\/a>, site proposant le texte (et ampsampouvent la traduction) de nombreux airs chant\u00e9s.<\/li>\n<p>m\u00e9diath\u00e8que du conservatoire<\/p>\n<li><a href=\"https:\/\/www.deepl.com\/translator\"><strong>DeepL<\/strong><\/a>, site proposant des traductions automatiques.<\/li>\n<li>et n&rsquo;oubliez pas toutes les ressources que propose la <a href=\"_wp_link_placeholder\" data-wplink-edit=\"true\">m\u00e9diath\u00e8que du conservatoire<\/a>&nbsp;!<\/li>\n<\/ul>\n","protected":false},"excerpt":{"rendered":"<p>Vous avez d\u00e9couvert un ouvrage, un site qui vous a apport\u00e9 des connaissances que vous recherchiez depuis longtemps (ou que vous n\u2019arriviez pas \u00e0 comprendre avant de le rencontrer)\u00a0? Vous &hellip; <\/p>\n<p class=\"link-more\"><a href=\"https:\/\/viveleconservatoiredebrest.org\/index.php\/ressources\/ressources-musique\/\" class=\"more-link\">Continuer la lecture<span class=\"screen-reader-text\"> de &laquo;&nbsp;Ressources&nbsp;: musique&nbsp;&raquo;<\/span><\/a><\/p>\n","protected":false},"author":1,"featured_media":0,"parent":522,"menu_order":0,"comment_status":"closed","ping_status":"closed","template":"","meta":{"footnotes":""},"class_list":["post-532","page","type-page","status-publish","hentry"],"yoast_head":"<!-- This site is optimized with the Yoast SEO plugin v27.4 - https:\/\/yoast.com\/product\/yoast-seo-wordpress\/ -->\n<title>Ressources&nbsp;: musique &#8211; Vive le conservatoire de Brest !<\/title>\n<meta name=\"robots\" content=\"index, follow, max-snippet:-1, max-image-preview:large, max-video-preview:-1\" \/>\n<link rel=\"canonical\" href=\"https:\/\/viveleconservatoiredebrest.org\/index.php\/ressources\/ressources-musique\/\" \/>\n<meta property=\"og:locale\" content=\"fr_FR\" \/>\n<meta property=\"og:type\" content=\"article\" \/>\n<meta property=\"og:title\" content=\"Ressources&nbsp;: musique &#8211; Vive le conservatoire de Brest !\" \/>\n<meta property=\"og:description\" content=\"Vous avez d\u00e9couvert un ouvrage, un site qui vous a apport\u00e9 des connaissances que vous recherchiez depuis longtemps (ou que vous n\u2019arriviez pas \u00e0 comprendre avant de le rencontrer)\u00a0? Vous &hellip; Continuer la lecture de &laquo;&nbsp;Ressources&nbsp;: musique&nbsp;&raquo;\" \/>\n<meta property=\"og:url\" content=\"https:\/\/viveleconservatoiredebrest.org\/index.php\/ressources\/ressources-musique\/\" \/>\n<meta property=\"og:site_name\" content=\"Vive le conservatoire de Brest !\" \/>\n<meta property=\"article:publisher\" content=\"https:\/\/www.facebook.com\/ViveleConservatoire\/\" \/>\n<meta property=\"article:modified_time\" content=\"2024-10-24T08:35:42+00:00\" \/>\n<meta property=\"og:image\" content=\"http:\/\/viveleconservatoiredebrest.org\/wp-content\/uploads\/2019\/01\/MuseScore.gif\" \/>\n<meta name=\"twitter:card\" content=\"summary_large_image\" \/>\n<meta name=\"twitter:label1\" content=\"Dur\u00e9e de lecture estim\u00e9e\" \/>\n\t<meta name=\"twitter:data1\" content=\"2 minutes\" \/>\n<script type=\"application\/ld+json\" class=\"yoast-schema-graph\">{\"@context\":\"https:\\\/\\\/schema.org\",\"@graph\":[{\"@type\":\"WebPage\",\"@id\":\"https:\\\/\\\/viveleconservatoiredebrest.org\\\/index.php\\\/ressources\\\/ressources-musique\\\/\",\"url\":\"https:\\\/\\\/viveleconservatoiredebrest.org\\\/index.php\\\/ressources\\\/ressources-musique\\\/\",\"name\":\"Ressources&nbsp;: musique &#8211; Vive le conservatoire de Brest !\",\"isPartOf\":{\"@id\":\"https:\\\/\\\/viveleconservatoiredebrest.org\\\/#website\"},\"primaryImageOfPage\":{\"@id\":\"https:\\\/\\\/viveleconservatoiredebrest.org\\\/index.php\\\/ressources\\\/ressources-musique\\\/#primaryimage\"},\"image\":{\"@id\":\"https:\\\/\\\/viveleconservatoiredebrest.org\\\/index.php\\\/ressources\\\/ressources-musique\\\/#primaryimage\"},\"thumbnailUrl\":\"http:\\\/\\\/viveleconservatoiredebrest.org\\\/wp-content\\\/uploads\\\/2019\\\/01\\\/MuseScore.gif\",\"datePublished\":\"2019-01-14T22:09:37+00:00\",\"dateModified\":\"2024-10-24T08:35:42+00:00\",\"breadcrumb\":{\"@id\":\"https:\\\/\\\/viveleconservatoiredebrest.org\\\/index.php\\\/ressources\\\/ressources-musique\\\/#breadcrumb\"},\"inLanguage\":\"fr-FR\",\"potentialAction\":[{\"@type\":\"ReadAction\",\"target\":[\"https:\\\/\\\/viveleconservatoiredebrest.org\\\/index.php\\\/ressources\\\/ressources-musique\\\/\"]}]},{\"@type\":\"ImageObject\",\"inLanguage\":\"fr-FR\",\"@id\":\"https:\\\/\\\/viveleconservatoiredebrest.org\\\/index.php\\\/ressources\\\/ressources-musique\\\/#primaryimage\",\"url\":\"http:\\\/\\\/viveleconservatoiredebrest.org\\\/wp-content\\\/uploads\\\/2019\\\/01\\\/MuseScore.gif\",\"contentUrl\":\"http:\\\/\\\/viveleconservatoiredebrest.org\\\/wp-content\\\/uploads\\\/2019\\\/01\\\/MuseScore.gif\"},{\"@type\":\"BreadcrumbList\",\"@id\":\"https:\\\/\\\/viveleconservatoiredebrest.org\\\/index.php\\\/ressources\\\/ressources-musique\\\/#breadcrumb\",\"itemListElement\":[{\"@type\":\"ListItem\",\"position\":1,\"name\":\"Accueil\",\"item\":\"https:\\\/\\\/viveleconservatoiredebrest.org\\\/\"},{\"@type\":\"ListItem\",\"position\":2,\"name\":\"Ressources\",\"item\":\"https:\\\/\\\/viveleconservatoiredebrest.org\\\/index.php\\\/ressources\\\/\"},{\"@type\":\"ListItem\",\"position\":3,\"name\":\"Ressources&nbsp;: musique\"}]},{\"@type\":\"WebSite\",\"@id\":\"https:\\\/\\\/viveleconservatoiredebrest.org\\\/#website\",\"url\":\"https:\\\/\\\/viveleconservatoiredebrest.org\\\/\",\"name\":\"Association \u201cVive le conservatoire de Brest\u00a0!\u201d\",\"description\":\"Plateforme de l&#039;association des \u00e9l\u00e8ves, parents d&#039;\u00e9l\u00e8ves et amis du conservatoire \u00e0 rayonnement r\u00e9gional de Brest m\u00e9tropole\",\"publisher\":{\"@id\":\"https:\\\/\\\/viveleconservatoiredebrest.org\\\/#organization\"},\"potentialAction\":[{\"@type\":\"SearchAction\",\"target\":{\"@type\":\"EntryPoint\",\"urlTemplate\":\"https:\\\/\\\/viveleconservatoiredebrest.org\\\/?s={search_term_string}\"},\"query-input\":{\"@type\":\"PropertyValueSpecification\",\"valueRequired\":true,\"valueName\":\"search_term_string\"}}],\"inLanguage\":\"fr-FR\"},{\"@type\":\"Organization\",\"@id\":\"https:\\\/\\\/viveleconservatoiredebrest.org\\\/#organization\",\"name\":\"Association \u201cVive le conservatoire de Brest\u00a0!\u201d\",\"url\":\"https:\\\/\\\/viveleconservatoiredebrest.org\\\/\",\"logo\":{\"@type\":\"ImageObject\",\"inLanguage\":\"fr-FR\",\"@id\":\"https:\\\/\\\/viveleconservatoiredebrest.org\\\/#\\\/schema\\\/logo\\\/image\\\/\",\"url\":\"http:\\\/\\\/viveleconservatoiredebrest.org\\\/wp-content\\\/uploads\\\/2019\\\/01\\\/Logo_icone-1.gif\",\"contentUrl\":\"http:\\\/\\\/viveleconservatoiredebrest.org\\\/wp-content\\\/uploads\\\/2019\\\/01\\\/Logo_icone-1.gif\",\"width\":512,\"height\":856,\"caption\":\"Association \u201cVive le conservatoire de Brest\u00a0!\u201d\"},\"image\":{\"@id\":\"https:\\\/\\\/viveleconservatoiredebrest.org\\\/#\\\/schema\\\/logo\\\/image\\\/\"},\"sameAs\":[\"https:\\\/\\\/www.facebook.com\\\/ViveleConservatoire\\\/\"]}]}<\/script>\n<!-- \/ Yoast SEO plugin. -->","yoast_head_json":{"title":"Ressources&nbsp;: musique &#8211; Vive le conservatoire de Brest !","robots":{"index":"index","follow":"follow","max-snippet":"max-snippet:-1","max-image-preview":"max-image-preview:large","max-video-preview":"max-video-preview:-1"},"canonical":"https:\/\/viveleconservatoiredebrest.org\/index.php\/ressources\/ressources-musique\/","og_locale":"fr_FR","og_type":"article","og_title":"Ressources&nbsp;: musique &#8211; Vive le conservatoire de Brest !","og_description":"Vous avez d\u00e9couvert un ouvrage, un site qui vous a apport\u00e9 des connaissances que vous recherchiez depuis longtemps (ou que vous n\u2019arriviez pas \u00e0 comprendre avant de le rencontrer)\u00a0? Vous &hellip; Continuer la lecture de &laquo;&nbsp;Ressources&nbsp;: musique&nbsp;&raquo;","og_url":"https:\/\/viveleconservatoiredebrest.org\/index.php\/ressources\/ressources-musique\/","og_site_name":"Vive le conservatoire de Brest !","article_publisher":"https:\/\/www.facebook.com\/ViveleConservatoire\/","article_modified_time":"2024-10-24T08:35:42+00:00","og_image":[{"url":"http:\/\/viveleconservatoiredebrest.org\/wp-content\/uploads\/2019\/01\/MuseScore.gif","type":"","width":"","height":""}],"twitter_card":"summary_large_image","twitter_misc":{"Dur\u00e9e de lecture estim\u00e9e":"2 minutes"},"schema":{"@context":"https:\/\/schema.org","@graph":[{"@type":"WebPage","@id":"https:\/\/viveleconservatoiredebrest.org\/index.php\/ressources\/ressources-musique\/","url":"https:\/\/viveleconservatoiredebrest.org\/index.php\/ressources\/ressources-musique\/","name":"Ressources&nbsp;: musique &#8211; Vive le conservatoire de Brest !","isPartOf":{"@id":"https:\/\/viveleconservatoiredebrest.org\/#website"},"primaryImageOfPage":{"@id":"https:\/\/viveleconservatoiredebrest.org\/index.php\/ressources\/ressources-musique\/#primaryimage"},"image":{"@id":"https:\/\/viveleconservatoiredebrest.org\/index.php\/ressources\/ressources-musique\/#primaryimage"},"thumbnailUrl":"http:\/\/viveleconservatoiredebrest.org\/wp-content\/uploads\/2019\/01\/MuseScore.gif","datePublished":"2019-01-14T22:09:37+00:00","dateModified":"2024-10-24T08:35:42+00:00","breadcrumb":{"@id":"https:\/\/viveleconservatoiredebrest.org\/index.php\/ressources\/ressources-musique\/#breadcrumb"},"inLanguage":"fr-FR","potentialAction":[{"@type":"ReadAction","target":["https:\/\/viveleconservatoiredebrest.org\/index.php\/ressources\/ressources-musique\/"]}]},{"@type":"ImageObject","inLanguage":"fr-FR","@id":"https:\/\/viveleconservatoiredebrest.org\/index.php\/ressources\/ressources-musique\/#primaryimage","url":"http:\/\/viveleconservatoiredebrest.org\/wp-content\/uploads\/2019\/01\/MuseScore.gif","contentUrl":"http:\/\/viveleconservatoiredebrest.org\/wp-content\/uploads\/2019\/01\/MuseScore.gif"},{"@type":"BreadcrumbList","@id":"https:\/\/viveleconservatoiredebrest.org\/index.php\/ressources\/ressources-musique\/#breadcrumb","itemListElement":[{"@type":"ListItem","position":1,"name":"Accueil","item":"https:\/\/viveleconservatoiredebrest.org\/"},{"@type":"ListItem","position":2,"name":"Ressources","item":"https:\/\/viveleconservatoiredebrest.org\/index.php\/ressources\/"},{"@type":"ListItem","position":3,"name":"Ressources&nbsp;: musique"}]},{"@type":"WebSite","@id":"https:\/\/viveleconservatoiredebrest.org\/#website","url":"https:\/\/viveleconservatoiredebrest.org\/","name":"Association \u201cVive le conservatoire de Brest\u00a0!\u201d","description":"Plateforme de l&#039;association des \u00e9l\u00e8ves, parents d&#039;\u00e9l\u00e8ves et amis du conservatoire \u00e0 rayonnement r\u00e9gional de Brest m\u00e9tropole","publisher":{"@id":"https:\/\/viveleconservatoiredebrest.org\/#organization"},"potentialAction":[{"@type":"SearchAction","target":{"@type":"EntryPoint","urlTemplate":"https:\/\/viveleconservatoiredebrest.org\/?s={search_term_string}"},"query-input":{"@type":"PropertyValueSpecification","valueRequired":true,"valueName":"search_term_string"}}],"inLanguage":"fr-FR"},{"@type":"Organization","@id":"https:\/\/viveleconservatoiredebrest.org\/#organization","name":"Association \u201cVive le conservatoire de Brest\u00a0!\u201d","url":"https:\/\/viveleconservatoiredebrest.org\/","logo":{"@type":"ImageObject","inLanguage":"fr-FR","@id":"https:\/\/viveleconservatoiredebrest.org\/#\/schema\/logo\/image\/","url":"http:\/\/viveleconservatoiredebrest.org\/wp-content\/uploads\/2019\/01\/Logo_icone-1.gif","contentUrl":"http:\/\/viveleconservatoiredebrest.org\/wp-content\/uploads\/2019\/01\/Logo_icone-1.gif","width":512,"height":856,"caption":"Association \u201cVive le conservatoire de Brest\u00a0!\u201d"},"image":{"@id":"https:\/\/viveleconservatoiredebrest.org\/#\/schema\/logo\/image\/"},"sameAs":["https:\/\/www.facebook.com\/ViveleConservatoire\/"]}]}},"_links":{"self":[{"href":"https:\/\/viveleconservatoiredebrest.org\/index.php\/wp-json\/wp\/v2\/pages\/532","targetHints":{"allow":["GET"]}}],"collection":[{"href":"https:\/\/viveleconservatoiredebrest.org\/index.php\/wp-json\/wp\/v2\/pages"}],"about":[{"href":"https:\/\/viveleconservatoiredebrest.org\/index.php\/wp-json\/wp\/v2\/types\/page"}],"author":[{"embeddable":true,"href":"https:\/\/viveleconservatoiredebrest.org\/index.php\/wp-json\/wp\/v2\/users\/1"}],"replies":[{"embeddable":true,"href":"https:\/\/viveleconservatoiredebrest.org\/index.php\/wp-json\/wp\/v2\/comments?post=532"}],"version-history":[{"count":27,"href":"https:\/\/viveleconservatoiredebrest.org\/index.php\/wp-json\/wp\/v2\/pages\/532\/revisions"}],"predecessor-version":[{"id":1167,"href":"https:\/\/viveleconservatoiredebrest.org\/index.php\/wp-json\/wp\/v2\/pages\/532\/revisions\/1167"}],"up":[{"embeddable":true,"href":"https:\/\/viveleconservatoiredebrest.org\/index.php\/wp-json\/wp\/v2\/pages\/522"}],"wp:attachment":[{"href":"https:\/\/viveleconservatoiredebrest.org\/index.php\/wp-json\/wp\/v2\/media?parent=532"}],"curies":[{"name":"wp","href":"https:\/\/api.w.org\/{rel}","templated":true}]}}