{"id":584,"date":"2019-01-15T21:16:58","date_gmt":"2019-01-15T20:16:58","guid":{"rendered":"http:\/\/viveleconservatoiredebrest.org\/?page_id=584"},"modified":"2024-10-24T07:34:57","modified_gmt":"2024-10-24T05:34:57","slug":"artistes-enseignants-sites","status":"publish","type":"page","link":"https:\/\/viveleconservatoiredebrest.org\/index.php\/artistes\/artistes-enseignants-sites\/","title":{"rendered":"Artistes (enseignants)&nbsp;: sites"},"content":{"rendered":"<p>Les enseignants du conservatoire ne sont pas seulement des fonctionnaires territoriaux&nbsp;: ce sont d\u2019abord (et avant tout) des artistes. Retrouvez ci-dessous les liens vers leurs sites, les sites de leur(s) ensemble(s) ou d\u2019ensembles auxquels ils participent, leur(s) vid\u00e9o(s), dans l\u2019ordre alphab\u00e9tique avec, en premier lieu, l\u2019orchestre<\/p>\n<ul>\n<li><a href=\"https:\/\/conservatoire.brest.fr\/aller-aux-spectacles\/lensemble-entre-sable-ciel\" target=\"_blank\" rel=\"noopener\">Ensemble <strong><i>Entre Sable et Ciel<\/i><\/strong><\/a><\/li>\n<\/ul>\n<ul>\n<li><a href=\"#8611\">Ensemble 8611<\/a><\/li>\n<li><a href=\"#Alba_Dolce\">Alba Dolce<\/a><\/li>\n<li><a href=\"#Collegium_Orpheus\">Collegium Orpheus<\/a> et <a href=\"#Finis_Terrae\">ensemble vocal Finis terr\u00e6<\/a><\/li>\n<li><a href=\"#Descofar\">Duo Descofar<\/a><\/li>\n<li><a href=\"#Eschequier\">Ensemble l\u2019Eschequier<\/a><\/li>\n<li><a href=\"#Meteoros\">Meteoros Duo<\/a><\/li>\n<li><a href=\"#Nautilis\">Ensemble Nautilis<\/a><\/li>\n<li><a href=\"#Sillages\">Ensemble Sillages<\/a><\/li>\n<li><a href=\"#Fiamma_e_Foco\">Fiamma &amp; Foco<\/a><\/li>\n<li><a href=\"#OUB\">Orchestre universitaire de Brest<\/a><\/li>\n<li><a href=\"#Opus_29\">Quatuor Opus 29<\/a><\/li>\n<li><a href=\"#Trielen\">Trio d\u2019anchesTrielen<\/a><\/li>\n<\/ul>\n<p><a name=\"8611\"><\/a><br \/>\n&nbsp;<\/p>\n<h4><a href=\"https:\/\/www.youtube.com\/channel\/UCS4pnPUgWxeqyhCeNq_DJWA\" title=\"Allez vers la cha\u00eene de l\u2019Ensemble 8611\" target=\"blank\" rel=\"noopener\">Ensemble <i><strong>8611<\/strong><\/i><\/a><\/h4>\n<p><iframe loading=\"lazy\" src=\"https:\/\/www.youtube-nocookie.com\/embed\/zuuvR5-mGPo\" allow=\"accelerometer; autoplay; encrypted-media; gyroscope; picture-in-picture\" allowfullscreen=\"\" width=\"560\" height=\"315\" frameborder=\"0\"><\/iframe><br \/>\n<iframe loading=\"lazy\" src=\"https:\/\/www.youtube-nocookie.com\/embed\/2Ts2zjg28jw\" allow=\"accelerometer; autoplay; encrypted-media; gyroscope; picture-in-picture\" allowfullscreen=\"\" width=\"560\" height=\"315\" frameborder=\"0\"><\/iframe><iframe loading=\"lazy\" src=\"https:\/\/www.youtube-nocookie.com\/embed\/nfYOryTdcE0\" allow=\"accelerometer; autoplay; encrypted-media; gyroscope; picture-in-picture\" allowfullscreen=\"\" width=\"560\" height=\"315\" frameborder=\"0\"><\/iframe><br \/>\n<iframe loading=\"lazy\" src=\"https:\/\/www.youtube-nocookie.com\/embed\/8a7Le1RwK5w\" allow=\"accelerometer; autoplay; encrypted-media; gyroscope; picture-in-picture\" allowfullscreen=\"\" width=\"560\" height=\"315\" frameborder=\"0\"><\/iframe><br \/>\n<a name=\"Alba_Dolce\"><\/a><br \/>\n&nbsp;<\/p>\n<h4><a href=\"https:\/\/www.facebook.com\/Alba-Dolce-179141035464178\/\" target=\"_blank\" title=\"Aller vers la page Facebook d\u2019Alba Dolce\" rel=\"noopener\"><i><strong>Alba Dolce<\/strong><\/i><\/a><\/h4>\n<p><iframe loading=\"lazy\" src=\"https:\/\/www.youtube-nocookie.com\/embed\/3ddBbJqZpco\" allow=\"accelerometer; autoplay; encrypted-media; gyroscope; picture-in-picture\" allowfullscreen=\"\" width=\"560\" height=\"315\" frameborder=\"0\"><\/iframe><br \/>\n<a name=\"Collegium_Orpheus\"><\/a><a name=\"Finis_Terrae\"><\/a><br \/>\n&nbsp;<\/p>\n<h4><a href=\"http:\/\/www.collegiumorpheus.fr.sitew.com\" target=\"_blank\" title=\"Aller vers le site du Collegium Orpheus\" rel=\"noopener\"><i><strong>Collegium Orpheus<\/strong><\/i><\/a><br \/>\net ensemble vocal <i><strong>Finis terr\u00e6<\/strong><\/i><\/h4>\n<p>L\u2019ensemble vocal <i>Finis Terr\u00e6 recrute deux t\u00e9nors et deux basses pour une \u0153uvre de M<font size=\"-1\">ONDONVILLE<\/font>, <\/i>\u201cDominus regnavit\u201d<i>. Les r\u00e9p\u00e9titions ont lieu le dimanche soir \u00e0 20&nbsp;heures au conservatoire \u00e0 rayonnement r\u00e9gional de Brest m\u00e9tropole, rue du Ch\u00e2teau, sous la direction de Jean-Marc L<font size=\"-1\">ABYLLE<\/font>.<br \/>\nContact&nbsp;: Catherine S<font size=\"-1\">OMERVILLE<\/font> au 06&nbsp;32&nbsp;95&nbsp;62&nbsp;11<\/i><br \/>\n<iframe loading=\"lazy\" src=\"https:\/\/www.youtube-nocookie.com\/embed\/C0iSD7e_I4M\" allow=\"accelerometer; autoplay; encrypted-media; gyroscope; picture-in-picture\" allowfullscreen=\"\" width=\"560\" height=\"315\" frameborder=\"0\"><\/iframe><br \/>\n<a name=\"Descofar\"><\/a><br \/>\n&nbsp;<\/p>\n<h4><a href=\"https:\/\/duodescofar.jimdo.com\/\" target=\"_blank\" title=\"Aller vers le site du duo Descofar\" rel=\"noopener\">Duo <strong>Descofar<\/strong><\/a><\/h4>\n<p><iframe loading=\"lazy\" src=\"https:\/\/www.youtube-nocookie.com\/embed\/ROyoav2SMSI\" allow=\"accelerometer; autoplay; encrypted-media; gyroscope; picture-in-picture\" allowfullscreen=\"\" width=\"560\" height=\"315\" frameborder=\"0\"><\/iframe><br \/>\n<iframe loading=\"lazy\" src=\"https:\/\/www.youtube-nocookie.com\/embed\/go7eXLc5vOk\" allow=\"accelerometer; autoplay; encrypted-media; gyroscope; picture-in-picture\" allowfullscreen=\"\" width=\"560\" height=\"315\" frameborder=\"0\"><\/iframe><br \/>\n<iframe loading=\"lazy\" src=\"https:\/\/www.youtube-nocookie.com\/embed\/aeZaqvd5jmE\" allow=\"accelerometer; autoplay; encrypted-media; gyroscope; picture-in-picture\" allowfullscreen=\"\" width=\"560\" height=\"315\" frameborder=\"0\"><\/iframe><br \/>\n<iframe loading=\"lazy\" src=\"https:\/\/www.youtube-nocookie.com\/embed\/3bBUICPL0hw\" allow=\"accelerometer; autoplay; encrypted-media; gyroscope; picture-in-picture\" allowfullscreen=\"\" width=\"560\" height=\"315\" frameborder=\"0\"><\/iframe><br \/>\n<iframe loading=\"lazy\" src=\"https:\/\/www.youtube-nocookie.com\/embed\/Nu9yvGoHu3E\" allow=\"accelerometer; autoplay; encrypted-media; gyroscope; picture-in-picture\" allowfullscreen=\"\" width=\"560\" height=\"315\" frameborder=\"0\"><\/iframe><br \/>\n<iframe loading=\"lazy\" src=\"https:\/\/www.youtube-nocookie.com\/embed\/X5mJ2D4onA4\" allow=\"accelerometer; autoplay; encrypted-media; gyroscope; picture-in-picture\" allowfullscreen=\"\" width=\"560\" height=\"315\" frameborder=\"0\"><\/iframe><br \/>\n<iframe loading=\"lazy\" scrolling=\"no\" allow=\"autoplay\" src=\"https:\/\/w.soundcloud.com\/player\/?url=https%3A\/\/api.soundcloud.com\/users\/72080963&amp;color=%23ff5500&amp;auto_play=false&amp;hide_related=false&amp;show_comments=true&amp;show_user=true&amp;show_reposts=false&amp;show_teaser=true&amp;visual=true\" width=\"100%\" height=\"300\" frameborder=\"no\"><\/iframe><br \/>\n<a name=\"Eschequier\"><\/a><br \/>\n&nbsp;<\/p>\n<h4><a href=\"https:\/\/www.youtube.com\/channel\/UC48aiLOlKB5eYW9R2-YfkHA\" target=\"_blank\" title=\"Aller vers la cha\u00eene de l\u2019ensemble l\u2019Eschequier\" rel=\"noopener\">Ensemble <strong>l\u2019Eschequier<\/strong><\/a><\/h4>\n<p><iframe loading=\"lazy\" src=\"https:\/\/www.youtube-nocookie.com\/embed\/kCHztlTOO3s\" allow=\"accelerometer; autoplay; encrypted-media; gyroscope; picture-in-picture\" allowfullscreen=\"\" width=\"560\" height=\"315\" frameborder=\"0\"><\/iframe><br \/>\n<iframe loading=\"lazy\" src=\"https:\/\/www.youtube-nocookie.com\/embed\/GFEf84HrRxw\" allow=\"accelerometer; autoplay; encrypted-media; gyroscope; picture-in-picture\" allowfullscreen=\"\" width=\"560\" height=\"315\" frameborder=\"0\"><\/iframe><br \/>\n<iframe loading=\"lazy\" src=\"https:\/\/www.youtube.com\/embed\/k41GUWVfvIE\" allow=\"accelerometer; autoplay; encrypted-media; gyroscope; picture-in-picture\" allowfullscreen=\"\" width=\"560\" height=\"315\" frameborder=\"0\"><\/iframe><br \/>\n<a name=\"Meteoros\"><\/a><br \/>\n&nbsp;<\/p>\n<h4><a href=\"https:\/\/soundcloud.com\/meteorosduo\" target=\"_blank\" rel=\"noopener\"><strong><i>Meteoros Duo<\/i><\/strong><\/a><\/h4>\n<p><iframe loading=\"lazy\" scrolling=\"no\" allow=\"autoplay\" src=\"https:\/\/w.soundcloud.com\/player\/?url=https%3A\/\/api.soundcloud.com\/users\/41928314&amp;color=%23ff5500&amp;auto_play=false&amp;hide_related=false&amp;show_comments=true&amp;show_user=true&amp;show_reposts=false&amp;show_teaser=true&amp;visual=true\" width=\"100%\" height=\"300\" frameborder=\"no\"><\/iframe><br \/>\n<a name=\"Nautilis\"><\/a><br \/>\n&nbsp;<\/p>\n<h4><a href=\"http:\/\/ensemble-nautilis.org\" target=\"_blank\" title=\"Aller vers le site de l\u2019ensemble Nautilis\" rel=\"noopener\">Ensemble <strong><i>Nautilis<\/i><\/strong><\/a><\/h4>\n<p><a name=\"Sillages\"><\/a><br \/>\n&nbsp;<\/p>\n<h4><a href=\"http:\/\/www.ensemblesillages.com\" target=\"_blank\" title=\"Aller vers le site de l\u2019ensemble Sillages\" rel=\"noopener\">Ensemble <i><strong>Sillages<\/strong><\/i><\/a><\/h4>\n<div style=\"padding:56.25% 0 0 0;position:relative;\"><iframe src=\"https:\/\/player.vimeo.com\/video\/278121123\" style=\"position:absolute;top:0;left:0;width:100%;height:100%;\" webkitallowfullscreen=\"\" mozallowfullscreen=\"\" allowfullscreen=\"\" frameborder=\"0\"><\/iframe><\/div>\n<div style=\"padding:56.25% 0 0 0;position:relative;\"><iframe src=\"https:\/\/player.vimeo.com\/video\/232946416\" style=\"position:absolute;top:0;left:0;width:100%;height:100%;\" webkitallowfullscreen=\"\" mozallowfullscreen=\"\" allowfullscreen=\"\" frameborder=\"0\"><\/iframe><\/div>\n<div style=\"padding:56.25% 0 0 0;position:relative;\"><iframe src=\"https:\/\/player.vimeo.com\/video\/232946247\" style=\"position:absolute;top:0;left:0;width:100%;height:100%;\" webkitallowfullscreen=\"\" mozallowfullscreen=\"\" allowfullscreen=\"\" frameborder=\"0\"><\/iframe><\/div>\n<p><a name=\"Fiamma_e_Foco\"><\/a><br \/>\n&nbsp;<\/p>\n<h4><a href=\"https:\/\/youtu.be\/vqxYFQABSIc\" target=\"_blank\" title=\"Aller vers la cha\u00eene de Fiamma &amp; Foco\" rel=\"noopener\"><i><strong>Fiamma &amp; Foco<\/strong><\/i><\/a><\/h4>\n<p><iframe loading=\"lazy\" src=\"https:\/\/www.youtube-nocookie.com\/embed\/vqxYFQABSIc\" allow=\"accelerometer; autoplay; encrypted-media; gyroscope; picture-in-picture\" allowfullscreen=\"\" width=\"560\" height=\"315\" frameborder=\"0\"><\/iframe><br \/>\n<a name=\"OUB\"><\/a><br \/>\n&nbsp;<\/p>\n<h4><a href=\"http:\/\/www.orchestre-brest.eu.org\" target=\"_blank\" title=\"Aller vers le site de l\u2019orchestre universitaire de Brest\" rel=\"noopener\"><strong>Orchestre universitaire de Brest<\/strong><\/a><\/h4>\n<p><a name=\"Opus_29\"><\/a><br \/>\n&nbsp;<\/p>\n<h4><a href=\"http:\/\/www.quatuor-opus29.org\" target=\"_blank\" title=\"Aller vers le site du quatuor Opus&nbsp;29\" rel=\"noopener\"><strong>Quatuor <i>Opus&nbsp;29<\/i><\/strong><\/a><\/h4>\n<p><a name=\"Trielen\"><\/a><br \/>\n&nbsp;<\/p>\n<h4><a href=\"http:\/\/www.trielen.com\/\" target=\"_blank\" title=\"Aller vers le site du trio d\u2019anches Trielen\" rel=\"noopener\">Trio d\u2019anches<strong><i>Trielen<\/i><\/strong><\/a><\/h4>\n<p><iframe loading=\"lazy\" src=\"https:\/\/www.dailymotion.com\/embed\/video\/x2q2dxy\" allowfullscreen=\"\" allow=\"autoplay\" width=\"480\" height=\"270\" frameborder=\"0\"><\/iframe><\/p>\n","protected":false},"excerpt":{"rendered":"<p>Les enseignants du conservatoire ne sont pas seulement des fonctionnaires territoriaux&nbsp;: ce sont d\u2019abord (et avant tout) des artistes. Retrouvez ci-dessous les liens vers leurs sites, les sites de leur(s) &hellip; <\/p>\n<p class=\"link-more\"><a href=\"https:\/\/viveleconservatoiredebrest.org\/index.php\/artistes\/artistes-enseignants-sites\/\" class=\"more-link\">Continuer la lecture<span class=\"screen-reader-text\"> de &laquo;&nbsp;Artistes (enseignants)&nbsp;: sites&nbsp;&raquo;<\/span><\/a><\/p>\n","protected":false},"author":1,"featured_media":0,"parent":116,"menu_order":0,"comment_status":"closed","ping_status":"closed","template":"","meta":{"footnotes":""},"class_list":["post-584","page","type-page","status-publish","hentry"],"yoast_head":"<!-- This site is optimized with the Yoast SEO plugin v27.4 - https:\/\/yoast.com\/product\/yoast-seo-wordpress\/ -->\n<title>Artistes (enseignants)&nbsp;: sites &#8211; Vive le conservatoire de Brest !<\/title>\n<meta name=\"robots\" content=\"index, follow, max-snippet:-1, max-image-preview:large, max-video-preview:-1\" \/>\n<link rel=\"canonical\" href=\"https:\/\/viveleconservatoiredebrest.org\/index.php\/artistes\/artistes-enseignants-sites\/\" \/>\n<meta property=\"og:locale\" content=\"fr_FR\" \/>\n<meta property=\"og:type\" content=\"article\" \/>\n<meta property=\"og:title\" content=\"Artistes (enseignants)&nbsp;: sites &#8211; Vive le conservatoire de Brest !\" \/>\n<meta property=\"og:description\" content=\"Les enseignants du conservatoire ne sont pas seulement des fonctionnaires territoriaux&nbsp;: ce sont d\u2019abord (et avant tout) des artistes. Retrouvez ci-dessous les liens vers leurs sites, les sites de leur(s) &hellip; Continuer la lecture de &laquo;&nbsp;Artistes (enseignants)&nbsp;: sites&nbsp;&raquo;\" \/>\n<meta property=\"og:url\" content=\"https:\/\/viveleconservatoiredebrest.org\/index.php\/artistes\/artistes-enseignants-sites\/\" \/>\n<meta property=\"og:site_name\" content=\"Vive le conservatoire de Brest !\" \/>\n<meta property=\"article:publisher\" content=\"https:\/\/www.facebook.com\/ViveleConservatoire\/\" \/>\n<meta property=\"article:modified_time\" content=\"2024-10-24T05:34:57+00:00\" \/>\n<meta name=\"twitter:card\" content=\"summary_large_image\" \/>\n<meta name=\"twitter:label1\" content=\"Dur\u00e9e de lecture estim\u00e9e\" \/>\n\t<meta name=\"twitter:data1\" content=\"1 minute\" \/>\n<script type=\"application\/ld+json\" class=\"yoast-schema-graph\">{\"@context\":\"https:\\\/\\\/schema.org\",\"@graph\":[{\"@type\":\"WebPage\",\"@id\":\"https:\\\/\\\/viveleconservatoiredebrest.org\\\/index.php\\\/artistes\\\/artistes-enseignants-sites\\\/\",\"url\":\"https:\\\/\\\/viveleconservatoiredebrest.org\\\/index.php\\\/artistes\\\/artistes-enseignants-sites\\\/\",\"name\":\"Artistes (enseignants)&nbsp;: sites &#8211; Vive le conservatoire de Brest !\",\"isPartOf\":{\"@id\":\"https:\\\/\\\/viveleconservatoiredebrest.org\\\/#website\"},\"datePublished\":\"2019-01-15T20:16:58+00:00\",\"dateModified\":\"2024-10-24T05:34:57+00:00\",\"breadcrumb\":{\"@id\":\"https:\\\/\\\/viveleconservatoiredebrest.org\\\/index.php\\\/artistes\\\/artistes-enseignants-sites\\\/#breadcrumb\"},\"inLanguage\":\"fr-FR\",\"potentialAction\":[{\"@type\":\"ReadAction\",\"target\":[\"https:\\\/\\\/viveleconservatoiredebrest.org\\\/index.php\\\/artistes\\\/artistes-enseignants-sites\\\/\"]}]},{\"@type\":\"BreadcrumbList\",\"@id\":\"https:\\\/\\\/viveleconservatoiredebrest.org\\\/index.php\\\/artistes\\\/artistes-enseignants-sites\\\/#breadcrumb\",\"itemListElement\":[{\"@type\":\"ListItem\",\"position\":1,\"name\":\"Accueil\",\"item\":\"https:\\\/\\\/viveleconservatoiredebrest.org\\\/\"},{\"@type\":\"ListItem\",\"position\":2,\"name\":\"Artistes\",\"item\":\"https:\\\/\\\/viveleconservatoiredebrest.org\\\/index.php\\\/artistes\\\/\"},{\"@type\":\"ListItem\",\"position\":3,\"name\":\"Artistes (enseignants)&nbsp;: sites\"}]},{\"@type\":\"WebSite\",\"@id\":\"https:\\\/\\\/viveleconservatoiredebrest.org\\\/#website\",\"url\":\"https:\\\/\\\/viveleconservatoiredebrest.org\\\/\",\"name\":\"Association \u201cVive le conservatoire de Brest\u00a0!\u201d\",\"description\":\"Plateforme de l&#039;association des \u00e9l\u00e8ves, parents d&#039;\u00e9l\u00e8ves et amis du conservatoire \u00e0 rayonnement r\u00e9gional de Brest m\u00e9tropole\",\"publisher\":{\"@id\":\"https:\\\/\\\/viveleconservatoiredebrest.org\\\/#organization\"},\"potentialAction\":[{\"@type\":\"SearchAction\",\"target\":{\"@type\":\"EntryPoint\",\"urlTemplate\":\"https:\\\/\\\/viveleconservatoiredebrest.org\\\/?s={search_term_string}\"},\"query-input\":{\"@type\":\"PropertyValueSpecification\",\"valueRequired\":true,\"valueName\":\"search_term_string\"}}],\"inLanguage\":\"fr-FR\"},{\"@type\":\"Organization\",\"@id\":\"https:\\\/\\\/viveleconservatoiredebrest.org\\\/#organization\",\"name\":\"Association \u201cVive le conservatoire de Brest\u00a0!\u201d\",\"url\":\"https:\\\/\\\/viveleconservatoiredebrest.org\\\/\",\"logo\":{\"@type\":\"ImageObject\",\"inLanguage\":\"fr-FR\",\"@id\":\"https:\\\/\\\/viveleconservatoiredebrest.org\\\/#\\\/schema\\\/logo\\\/image\\\/\",\"url\":\"http:\\\/\\\/viveleconservatoiredebrest.org\\\/wp-content\\\/uploads\\\/2019\\\/01\\\/Logo_icone-1.gif\",\"contentUrl\":\"http:\\\/\\\/viveleconservatoiredebrest.org\\\/wp-content\\\/uploads\\\/2019\\\/01\\\/Logo_icone-1.gif\",\"width\":512,\"height\":856,\"caption\":\"Association \u201cVive le conservatoire de Brest\u00a0!\u201d\"},\"image\":{\"@id\":\"https:\\\/\\\/viveleconservatoiredebrest.org\\\/#\\\/schema\\\/logo\\\/image\\\/\"},\"sameAs\":[\"https:\\\/\\\/www.facebook.com\\\/ViveleConservatoire\\\/\"]}]}<\/script>\n<!-- \/ Yoast SEO plugin. -->","yoast_head_json":{"title":"Artistes (enseignants)&nbsp;: sites &#8211; Vive le conservatoire de Brest !","robots":{"index":"index","follow":"follow","max-snippet":"max-snippet:-1","max-image-preview":"max-image-preview:large","max-video-preview":"max-video-preview:-1"},"canonical":"https:\/\/viveleconservatoiredebrest.org\/index.php\/artistes\/artistes-enseignants-sites\/","og_locale":"fr_FR","og_type":"article","og_title":"Artistes (enseignants)&nbsp;: sites &#8211; Vive le conservatoire de Brest !","og_description":"Les enseignants du conservatoire ne sont pas seulement des fonctionnaires territoriaux&nbsp;: ce sont d\u2019abord (et avant tout) des artistes. Retrouvez ci-dessous les liens vers leurs sites, les sites de leur(s) &hellip; Continuer la lecture de &laquo;&nbsp;Artistes (enseignants)&nbsp;: sites&nbsp;&raquo;","og_url":"https:\/\/viveleconservatoiredebrest.org\/index.php\/artistes\/artistes-enseignants-sites\/","og_site_name":"Vive le conservatoire de Brest !","article_publisher":"https:\/\/www.facebook.com\/ViveleConservatoire\/","article_modified_time":"2024-10-24T05:34:57+00:00","twitter_card":"summary_large_image","twitter_misc":{"Dur\u00e9e de lecture estim\u00e9e":"1 minute"},"schema":{"@context":"https:\/\/schema.org","@graph":[{"@type":"WebPage","@id":"https:\/\/viveleconservatoiredebrest.org\/index.php\/artistes\/artistes-enseignants-sites\/","url":"https:\/\/viveleconservatoiredebrest.org\/index.php\/artistes\/artistes-enseignants-sites\/","name":"Artistes (enseignants)&nbsp;: sites &#8211; Vive le conservatoire de Brest !","isPartOf":{"@id":"https:\/\/viveleconservatoiredebrest.org\/#website"},"datePublished":"2019-01-15T20:16:58+00:00","dateModified":"2024-10-24T05:34:57+00:00","breadcrumb":{"@id":"https:\/\/viveleconservatoiredebrest.org\/index.php\/artistes\/artistes-enseignants-sites\/#breadcrumb"},"inLanguage":"fr-FR","potentialAction":[{"@type":"ReadAction","target":["https:\/\/viveleconservatoiredebrest.org\/index.php\/artistes\/artistes-enseignants-sites\/"]}]},{"@type":"BreadcrumbList","@id":"https:\/\/viveleconservatoiredebrest.org\/index.php\/artistes\/artistes-enseignants-sites\/#breadcrumb","itemListElement":[{"@type":"ListItem","position":1,"name":"Accueil","item":"https:\/\/viveleconservatoiredebrest.org\/"},{"@type":"ListItem","position":2,"name":"Artistes","item":"https:\/\/viveleconservatoiredebrest.org\/index.php\/artistes\/"},{"@type":"ListItem","position":3,"name":"Artistes (enseignants)&nbsp;: sites"}]},{"@type":"WebSite","@id":"https:\/\/viveleconservatoiredebrest.org\/#website","url":"https:\/\/viveleconservatoiredebrest.org\/","name":"Association \u201cVive le conservatoire de Brest\u00a0!\u201d","description":"Plateforme de l&#039;association des \u00e9l\u00e8ves, parents d&#039;\u00e9l\u00e8ves et amis du conservatoire \u00e0 rayonnement r\u00e9gional de Brest m\u00e9tropole","publisher":{"@id":"https:\/\/viveleconservatoiredebrest.org\/#organization"},"potentialAction":[{"@type":"SearchAction","target":{"@type":"EntryPoint","urlTemplate":"https:\/\/viveleconservatoiredebrest.org\/?s={search_term_string}"},"query-input":{"@type":"PropertyValueSpecification","valueRequired":true,"valueName":"search_term_string"}}],"inLanguage":"fr-FR"},{"@type":"Organization","@id":"https:\/\/viveleconservatoiredebrest.org\/#organization","name":"Association \u201cVive le conservatoire de Brest\u00a0!\u201d","url":"https:\/\/viveleconservatoiredebrest.org\/","logo":{"@type":"ImageObject","inLanguage":"fr-FR","@id":"https:\/\/viveleconservatoiredebrest.org\/#\/schema\/logo\/image\/","url":"http:\/\/viveleconservatoiredebrest.org\/wp-content\/uploads\/2019\/01\/Logo_icone-1.gif","contentUrl":"http:\/\/viveleconservatoiredebrest.org\/wp-content\/uploads\/2019\/01\/Logo_icone-1.gif","width":512,"height":856,"caption":"Association \u201cVive le conservatoire de Brest\u00a0!\u201d"},"image":{"@id":"https:\/\/viveleconservatoiredebrest.org\/#\/schema\/logo\/image\/"},"sameAs":["https:\/\/www.facebook.com\/ViveleConservatoire\/"]}]}},"_links":{"self":[{"href":"https:\/\/viveleconservatoiredebrest.org\/index.php\/wp-json\/wp\/v2\/pages\/584","targetHints":{"allow":["GET"]}}],"collection":[{"href":"https:\/\/viveleconservatoiredebrest.org\/index.php\/wp-json\/wp\/v2\/pages"}],"about":[{"href":"https:\/\/viveleconservatoiredebrest.org\/index.php\/wp-json\/wp\/v2\/types\/page"}],"author":[{"embeddable":true,"href":"https:\/\/viveleconservatoiredebrest.org\/index.php\/wp-json\/wp\/v2\/users\/1"}],"replies":[{"embeddable":true,"href":"https:\/\/viveleconservatoiredebrest.org\/index.php\/wp-json\/wp\/v2\/comments?post=584"}],"version-history":[{"count":60,"href":"https:\/\/viveleconservatoiredebrest.org\/index.php\/wp-json\/wp\/v2\/pages\/584\/revisions"}],"predecessor-version":[{"id":1150,"href":"https:\/\/viveleconservatoiredebrest.org\/index.php\/wp-json\/wp\/v2\/pages\/584\/revisions\/1150"}],"up":[{"embeddable":true,"href":"https:\/\/viveleconservatoiredebrest.org\/index.php\/wp-json\/wp\/v2\/pages\/116"}],"wp:attachment":[{"href":"https:\/\/viveleconservatoiredebrest.org\/index.php\/wp-json\/wp\/v2\/media?parent=584"}],"curies":[{"name":"wp","href":"https:\/\/api.w.org\/{rel}","templated":true}]}}