{"id":587,"date":"2019-01-15T21:17:16","date_gmt":"2019-01-15T20:17:16","guid":{"rendered":"http:\/\/viveleconservatoiredebrest.org\/?page_id=587"},"modified":"2021-01-13T16:31:15","modified_gmt":"2021-01-13T15:31:15","slug":"artistes-eleves-sites","status":"publish","type":"page","link":"https:\/\/viveleconservatoiredebrest.org\/index.php\/artistes\/artistes-eleves-sites\/","title":{"rendered":"Artistes (\u00e9l\u00e8ves)&nbsp;: sites"},"content":{"rendered":"<ul>\n<li><a href=\"nous-navons-pas-encore-de-page\">Ch\u0153ur de femmes <strong>\u00c9l\u00e9gie<\/strong><\/a><\/li>\n<li><a href=\"nous-navons-pas-encore-de-page\">Ch\u0153ur de femmes <strong>Solfanelli<\/strong><\/a><\/li>\n<li><a href=\"nous-navons-pas-encore-de-page\">Ch\u0153ur de femmes <strong>Thamyris<\/strong><\/a><\/li>\n<li><a href=\"nous-navons-pas-encore-de-page\">Ch\u0153ur mixte <strong>Mosa\u00efques<\/strong><\/a><\/li>\n<li><a href=\"nous-navons-pas-encore-de-page\">Ch\u0153ur mixte <strong>R\u00e9sonance<\/strong><\/a><\/li>\n<li><a href=\"nous-navons-pas-encore-de-page\">Ch\u0153ur mixte <strong>Terpsichore<\/strong><\/a><\/li>\n<li><a href=\"nous-navons-pas-encore-de-page\">Ensemble <strong>Sinfonietta<\/strong><\/a><\/li>\n<\/ul>\n<ul>\n<li><a href=\"https:\/\/soundcloud.com\/adrien-daussy\/sets\/musique-traditionnelle-divergente\" target=\"_blank\" rel=\"noopener\">Composition d\u2019<strong>Adrien D<font size=\"-1\">AUSSY<\/font><\/strong> pour harpe&nbsp;: <i>Musique traditionnelle divergente<\/i><\/a><\/li>\n<p><iframe loading=\"lazy\" scrolling=\"no\" allow=\"autoplay\" src=\"https:\/\/w.soundcloud.com\/player\/?url=https%3A\/\/api.soundcloud.com\/playlists\/620850858&amp;color=%23ff5500&amp;auto_play=false&amp;hide_related=false&amp;show_comments=true&amp;show_user=true&amp;show_reposts=false&amp;show_teaser=true&amp;visual=true\" width=\"100%\" height=\"300\" frameborder=\"no\"><\/iframe><\/p>\n<li><a href=\"https:\/\/kintetteonirique.bandcamp.com\/releases\" target=\"_blank\" title=\"Aller vers la page du Kintette Onirique\" rel=\"noopener\"><strong><i>Kintette Onirique<\/i><\/strong><\/a> avec <strong>Baptiste M<font size=\"-1\">ARTIN DE <\/font>F<font size=\"-1\">REMONT<\/font><\/strong><\/li>\n<li><a href=\"https:\/\/keor.bandcamp.com\/album\/petrichor\" target=\"_blank\" title=\"Aller vers la page de Petrichor\" rel=\"noopener\">Album de <strong>Victor M<font size=\"-1\">IRANDA<\/font> M<font size=\"-1\">ARTIN<\/font><\/strong><\/a><\/li>\n<li><a href=\"https:\/\/soundcloud.com\/anne-laure-r\" target=\"_blank\" rel=\"noopener\">Six compositions d\u2019<strong>Anne-Laure R<font size=\"-1\">ICH\u00c9<\/font><\/strong> pour clavecin<\/a><\/li>\n<p><iframe loading=\"lazy\" scrolling=\"no\" allow=\"autoplay\" src=\"https:\/\/w.soundcloud.com\/player\/?url=https%3A\/\/api.soundcloud.com\/users\/161510983&amp;color=%23ff5500&amp;auto_play=false&amp;hide_related=false&amp;show_comments=true&amp;show_user=true&amp;show_reposts=false&amp;show_teaser=true&amp;visual=true\" width=\"100%\" height=\"300\" frameborder=\"no\"><\/iframe><\/ul>\n","protected":false},"excerpt":{"rendered":"<p>Ch\u0153ur de femmes \u00c9l\u00e9gie Ch\u0153ur de femmes Solfanelli Ch\u0153ur de femmes Thamyris Ch\u0153ur mixte Mosa\u00efques Ch\u0153ur mixte R\u00e9sonance Ch\u0153ur mixte Terpsichore Ensemble Sinfonietta Composition d\u2019Adrien DAUSSY pour harpe&nbsp;: Musique traditionnelle &hellip; <\/p>\n<p class=\"link-more\"><a href=\"https:\/\/viveleconservatoiredebrest.org\/index.php\/artistes\/artistes-eleves-sites\/\" class=\"more-link\">Continuer la lecture<span class=\"screen-reader-text\"> de &laquo;&nbsp;Artistes (\u00e9l\u00e8ves)&nbsp;: sites&nbsp;&raquo;<\/span><\/a><\/p>\n","protected":false},"author":1,"featured_media":0,"parent":116,"menu_order":0,"comment_status":"closed","ping_status":"closed","template":"","meta":{"footnotes":""},"class_list":["post-587","page","type-page","status-publish","hentry"],"yoast_head":"<!-- This site is optimized with the Yoast SEO plugin v27.5 - https:\/\/yoast.com\/product\/yoast-seo-wordpress\/ -->\n<title>Artistes (\u00e9l\u00e8ves)&nbsp;: sites &#8211; Vive le conservatoire de Brest !<\/title>\n<meta name=\"robots\" content=\"index, follow, max-snippet:-1, max-image-preview:large, max-video-preview:-1\" \/>\n<link rel=\"canonical\" href=\"https:\/\/viveleconservatoiredebrest.org\/index.php\/artistes\/artistes-eleves-sites\/\" \/>\n<meta property=\"og:locale\" content=\"fr_FR\" \/>\n<meta property=\"og:type\" content=\"article\" \/>\n<meta property=\"og:title\" content=\"Artistes (\u00e9l\u00e8ves)&nbsp;: sites &#8211; Vive le conservatoire de Brest !\" \/>\n<meta property=\"og:description\" content=\"Ch\u0153ur de femmes \u00c9l\u00e9gie Ch\u0153ur de femmes Solfanelli Ch\u0153ur de femmes Thamyris Ch\u0153ur mixte Mosa\u00efques Ch\u0153ur mixte R\u00e9sonance Ch\u0153ur mixte Terpsichore Ensemble Sinfonietta Composition d\u2019Adrien DAUSSY pour harpe&nbsp;: Musique traditionnelle &hellip; Continuer la lecture de &laquo;&nbsp;Artistes (\u00e9l\u00e8ves)&nbsp;: sites&nbsp;&raquo;\" \/>\n<meta property=\"og:url\" content=\"https:\/\/viveleconservatoiredebrest.org\/index.php\/artistes\/artistes-eleves-sites\/\" \/>\n<meta property=\"og:site_name\" content=\"Vive le conservatoire de Brest !\" \/>\n<meta property=\"article:publisher\" content=\"https:\/\/www.facebook.com\/ViveleConservatoire\/\" \/>\n<meta property=\"article:modified_time\" content=\"2021-01-13T15:31:15+00:00\" \/>\n<meta name=\"twitter:card\" content=\"summary_large_image\" \/>\n<script type=\"application\/ld+json\" class=\"yoast-schema-graph\">{\"@context\":\"https:\\\/\\\/schema.org\",\"@graph\":[{\"@type\":\"WebPage\",\"@id\":\"https:\\\/\\\/viveleconservatoiredebrest.org\\\/index.php\\\/artistes\\\/artistes-eleves-sites\\\/\",\"url\":\"https:\\\/\\\/viveleconservatoiredebrest.org\\\/index.php\\\/artistes\\\/artistes-eleves-sites\\\/\",\"name\":\"Artistes (\u00e9l\u00e8ves)&nbsp;: sites &#8211; Vive le conservatoire de Brest !\",\"isPartOf\":{\"@id\":\"https:\\\/\\\/viveleconservatoiredebrest.org\\\/#website\"},\"datePublished\":\"2019-01-15T20:17:16+00:00\",\"dateModified\":\"2021-01-13T15:31:15+00:00\",\"breadcrumb\":{\"@id\":\"https:\\\/\\\/viveleconservatoiredebrest.org\\\/index.php\\\/artistes\\\/artistes-eleves-sites\\\/#breadcrumb\"},\"inLanguage\":\"fr-FR\",\"potentialAction\":[{\"@type\":\"ReadAction\",\"target\":[\"https:\\\/\\\/viveleconservatoiredebrest.org\\\/index.php\\\/artistes\\\/artistes-eleves-sites\\\/\"]}]},{\"@type\":\"BreadcrumbList\",\"@id\":\"https:\\\/\\\/viveleconservatoiredebrest.org\\\/index.php\\\/artistes\\\/artistes-eleves-sites\\\/#breadcrumb\",\"itemListElement\":[{\"@type\":\"ListItem\",\"position\":1,\"name\":\"Accueil\",\"item\":\"https:\\\/\\\/viveleconservatoiredebrest.org\\\/\"},{\"@type\":\"ListItem\",\"position\":2,\"name\":\"Artistes\",\"item\":\"https:\\\/\\\/viveleconservatoiredebrest.org\\\/index.php\\\/artistes\\\/\"},{\"@type\":\"ListItem\",\"position\":3,\"name\":\"Artistes (\u00e9l\u00e8ves)&nbsp;: sites\"}]},{\"@type\":\"WebSite\",\"@id\":\"https:\\\/\\\/viveleconservatoiredebrest.org\\\/#website\",\"url\":\"https:\\\/\\\/viveleconservatoiredebrest.org\\\/\",\"name\":\"Association \u201cVive le conservatoire de Brest\u00a0!\u201d\",\"description\":\"Plateforme de l&#039;association des \u00e9l\u00e8ves, parents d&#039;\u00e9l\u00e8ves et amis du conservatoire \u00e0 rayonnement r\u00e9gional de Brest m\u00e9tropole\",\"publisher\":{\"@id\":\"https:\\\/\\\/viveleconservatoiredebrest.org\\\/#organization\"},\"potentialAction\":[{\"@type\":\"SearchAction\",\"target\":{\"@type\":\"EntryPoint\",\"urlTemplate\":\"https:\\\/\\\/viveleconservatoiredebrest.org\\\/?s={search_term_string}\"},\"query-input\":{\"@type\":\"PropertyValueSpecification\",\"valueRequired\":true,\"valueName\":\"search_term_string\"}}],\"inLanguage\":\"fr-FR\"},{\"@type\":\"Organization\",\"@id\":\"https:\\\/\\\/viveleconservatoiredebrest.org\\\/#organization\",\"name\":\"Association \u201cVive le conservatoire de Brest\u00a0!\u201d\",\"url\":\"https:\\\/\\\/viveleconservatoiredebrest.org\\\/\",\"logo\":{\"@type\":\"ImageObject\",\"inLanguage\":\"fr-FR\",\"@id\":\"https:\\\/\\\/viveleconservatoiredebrest.org\\\/#\\\/schema\\\/logo\\\/image\\\/\",\"url\":\"http:\\\/\\\/viveleconservatoiredebrest.org\\\/wp-content\\\/uploads\\\/2019\\\/01\\\/Logo_icone-1.gif\",\"contentUrl\":\"http:\\\/\\\/viveleconservatoiredebrest.org\\\/wp-content\\\/uploads\\\/2019\\\/01\\\/Logo_icone-1.gif\",\"width\":512,\"height\":856,\"caption\":\"Association \u201cVive le conservatoire de Brest\u00a0!\u201d\"},\"image\":{\"@id\":\"https:\\\/\\\/viveleconservatoiredebrest.org\\\/#\\\/schema\\\/logo\\\/image\\\/\"},\"sameAs\":[\"https:\\\/\\\/www.facebook.com\\\/ViveleConservatoire\\\/\"]}]}<\/script>\n<!-- \/ Yoast SEO plugin. -->","yoast_head_json":{"title":"Artistes (\u00e9l\u00e8ves)&nbsp;: sites &#8211; Vive le conservatoire de Brest !","robots":{"index":"index","follow":"follow","max-snippet":"max-snippet:-1","max-image-preview":"max-image-preview:large","max-video-preview":"max-video-preview:-1"},"canonical":"https:\/\/viveleconservatoiredebrest.org\/index.php\/artistes\/artistes-eleves-sites\/","og_locale":"fr_FR","og_type":"article","og_title":"Artistes (\u00e9l\u00e8ves)&nbsp;: sites &#8211; Vive le conservatoire de Brest !","og_description":"Ch\u0153ur de femmes \u00c9l\u00e9gie Ch\u0153ur de femmes Solfanelli Ch\u0153ur de femmes Thamyris Ch\u0153ur mixte Mosa\u00efques Ch\u0153ur mixte R\u00e9sonance Ch\u0153ur mixte Terpsichore Ensemble Sinfonietta Composition d\u2019Adrien DAUSSY pour harpe&nbsp;: Musique traditionnelle &hellip; Continuer la lecture de &laquo;&nbsp;Artistes (\u00e9l\u00e8ves)&nbsp;: sites&nbsp;&raquo;","og_url":"https:\/\/viveleconservatoiredebrest.org\/index.php\/artistes\/artistes-eleves-sites\/","og_site_name":"Vive le conservatoire de Brest !","article_publisher":"https:\/\/www.facebook.com\/ViveleConservatoire\/","article_modified_time":"2021-01-13T15:31:15+00:00","twitter_card":"summary_large_image","schema":{"@context":"https:\/\/schema.org","@graph":[{"@type":"WebPage","@id":"https:\/\/viveleconservatoiredebrest.org\/index.php\/artistes\/artistes-eleves-sites\/","url":"https:\/\/viveleconservatoiredebrest.org\/index.php\/artistes\/artistes-eleves-sites\/","name":"Artistes (\u00e9l\u00e8ves)&nbsp;: sites &#8211; Vive le conservatoire de Brest !","isPartOf":{"@id":"https:\/\/viveleconservatoiredebrest.org\/#website"},"datePublished":"2019-01-15T20:17:16+00:00","dateModified":"2021-01-13T15:31:15+00:00","breadcrumb":{"@id":"https:\/\/viveleconservatoiredebrest.org\/index.php\/artistes\/artistes-eleves-sites\/#breadcrumb"},"inLanguage":"fr-FR","potentialAction":[{"@type":"ReadAction","target":["https:\/\/viveleconservatoiredebrest.org\/index.php\/artistes\/artistes-eleves-sites\/"]}]},{"@type":"BreadcrumbList","@id":"https:\/\/viveleconservatoiredebrest.org\/index.php\/artistes\/artistes-eleves-sites\/#breadcrumb","itemListElement":[{"@type":"ListItem","position":1,"name":"Accueil","item":"https:\/\/viveleconservatoiredebrest.org\/"},{"@type":"ListItem","position":2,"name":"Artistes","item":"https:\/\/viveleconservatoiredebrest.org\/index.php\/artistes\/"},{"@type":"ListItem","position":3,"name":"Artistes (\u00e9l\u00e8ves)&nbsp;: sites"}]},{"@type":"WebSite","@id":"https:\/\/viveleconservatoiredebrest.org\/#website","url":"https:\/\/viveleconservatoiredebrest.org\/","name":"Association \u201cVive le conservatoire de Brest\u00a0!\u201d","description":"Plateforme de l&#039;association des \u00e9l\u00e8ves, parents d&#039;\u00e9l\u00e8ves et amis du conservatoire \u00e0 rayonnement r\u00e9gional de Brest m\u00e9tropole","publisher":{"@id":"https:\/\/viveleconservatoiredebrest.org\/#organization"},"potentialAction":[{"@type":"SearchAction","target":{"@type":"EntryPoint","urlTemplate":"https:\/\/viveleconservatoiredebrest.org\/?s={search_term_string}"},"query-input":{"@type":"PropertyValueSpecification","valueRequired":true,"valueName":"search_term_string"}}],"inLanguage":"fr-FR"},{"@type":"Organization","@id":"https:\/\/viveleconservatoiredebrest.org\/#organization","name":"Association \u201cVive le conservatoire de Brest\u00a0!\u201d","url":"https:\/\/viveleconservatoiredebrest.org\/","logo":{"@type":"ImageObject","inLanguage":"fr-FR","@id":"https:\/\/viveleconservatoiredebrest.org\/#\/schema\/logo\/image\/","url":"http:\/\/viveleconservatoiredebrest.org\/wp-content\/uploads\/2019\/01\/Logo_icone-1.gif","contentUrl":"http:\/\/viveleconservatoiredebrest.org\/wp-content\/uploads\/2019\/01\/Logo_icone-1.gif","width":512,"height":856,"caption":"Association \u201cVive le conservatoire de Brest\u00a0!\u201d"},"image":{"@id":"https:\/\/viveleconservatoiredebrest.org\/#\/schema\/logo\/image\/"},"sameAs":["https:\/\/www.facebook.com\/ViveleConservatoire\/"]}]}},"_links":{"self":[{"href":"https:\/\/viveleconservatoiredebrest.org\/index.php\/wp-json\/wp\/v2\/pages\/587","targetHints":{"allow":["GET"]}}],"collection":[{"href":"https:\/\/viveleconservatoiredebrest.org\/index.php\/wp-json\/wp\/v2\/pages"}],"about":[{"href":"https:\/\/viveleconservatoiredebrest.org\/index.php\/wp-json\/wp\/v2\/types\/page"}],"author":[{"embeddable":true,"href":"https:\/\/viveleconservatoiredebrest.org\/index.php\/wp-json\/wp\/v2\/users\/1"}],"replies":[{"embeddable":true,"href":"https:\/\/viveleconservatoiredebrest.org\/index.php\/wp-json\/wp\/v2\/comments?post=587"}],"version-history":[{"count":12,"href":"https:\/\/viveleconservatoiredebrest.org\/index.php\/wp-json\/wp\/v2\/pages\/587\/revisions"}],"predecessor-version":[{"id":1024,"href":"https:\/\/viveleconservatoiredebrest.org\/index.php\/wp-json\/wp\/v2\/pages\/587\/revisions\/1024"}],"up":[{"embeddable":true,"href":"https:\/\/viveleconservatoiredebrest.org\/index.php\/wp-json\/wp\/v2\/pages\/116"}],"wp:attachment":[{"href":"https:\/\/viveleconservatoiredebrest.org\/index.php\/wp-json\/wp\/v2\/media?parent=587"}],"curies":[{"name":"wp","href":"https:\/\/api.w.org\/{rel}","templated":true}]}}